{"id":2578,"date":"2019-06-18T12:37:13","date_gmt":"2019-06-18T12:37:13","guid":{"rendered":"https:\/\/caravan4u.ee\/%d0%ba%d0%be%d0%bd%d1%82%d0%b0%d0%ba%d1%82%d1%8b\/"},"modified":"2023-10-21T09:53:14","modified_gmt":"2023-10-21T09:53:14","slug":"%d0%ba%d0%be%d0%bd%d1%82%d0%b0%d0%ba%d1%82%d1%8b","status":"publish","type":"page","link":"https:\/\/caravan4u.ee\/ru\/%d0%ba%d0%be%d0%bd%d1%82%d0%b0%d0%ba%d1%82%d1%8b\/","title":{"rendered":"\u041a\u043e\u043d\u0442\u0430\u043a\u0442\u044b"},"content":{"rendered":"\t\t<div data-elementor-type=\"wp-post\" data-elementor-id=\"2578\" class=\"elementor elementor-2578 elementor-102\">\n\t\t\t\t\t\t<section class=\"elementor-section elementor-top-section elementor-element elementor-element-46e5416 elementor-section-full_width elementor-section-height-default elementor-section-height-default\" data-id=\"46e5416\" data-element_type=\"section\" data-e-type=\"section\">\n\t\t\t\t\t\t<div class=\"elementor-container elementor-column-gap-no\">\n\t\t\t\t\t<div class=\"elementor-column elementor-col-100 elementor-top-column elementor-element elementor-element-bc6cbc6\" data-id=\"bc6cbc6\" data-element_type=\"column\" data-e-type=\"column\">\n\t\t\t<div class=\"elementor-widget-wrap elementor-element-populated\">\n\t\t\t\t\t\t<div class=\"elementor-element elementor-element-51ee6d5 elementor-widget elementor-widget-templines-page-header\" data-id=\"51ee6d5\" data-element_type=\"widget\" data-e-type=\"widget\" data-widget_type=\"templines-page-header.default\">\n\t\t\t\t<div class=\"elementor-widget-container\">\n\t\t\t\t\t\n\t<header\n\t\tclass=\"l-section c-page-header c-page-header--header-type-1\">\n\t\t\t\t\t<div class=\"c-page-header__image lazyload \" data-bg=\"https:\/\/caravan4u.ee\/wp-content\/uploads\/2019\/09\/aucapina-0840954354.jpg\"><\/div>\n\t\t\t\t<div\n\t\t\tclass=\"c-page-header__wrap \">\n\t\t\t\t\t\t\t\t\t\t\t\t<h1 class=\"l-section__container c-page-header__title\">Kontakt<\/h1>\n\t\t\t\t\t\t\t\t\t\t\t\t\t\t\t\t\t\t\t<\/div>\n\t<\/header>\n\n\t<div class=\"woocommerce-notices-wrapper\">\n\t\t\t<\/div>\n\t\t\t\t<\/div>\n\t\t\t\t<\/div>\n\t\t\t\t\t<\/div>\n\t\t<\/div>\n\t\t\t\t\t<\/div>\n\t\t<\/section>\n\t\t\t\t<section class=\"elementor-section elementor-top-section elementor-element elementor-element-3143e4f c-contact elementor-section-boxed elementor-section-height-default elementor-section-height-default\" data-id=\"3143e4f\" data-element_type=\"section\" data-e-type=\"section\">\n\t\t\t\t\t\t<div class=\"elementor-container elementor-column-gap-no\">\n\t\t\t\t\t<div class=\"elementor-column elementor-col-33 elementor-top-column elementor-element elementor-element-ec053d0\" data-id=\"ec053d0\" data-element_type=\"column\" data-e-type=\"column\" data-settings=\"{&quot;background_background&quot;:&quot;classic&quot;}\">\n\t\t\t<div class=\"elementor-widget-wrap elementor-element-populated\">\n\t\t\t\t\t\t<div class=\"elementor-element elementor-element-17c8e05 h-title h-title--14 elementor-widget elementor-widget-heading\" data-id=\"17c8e05\" data-element_type=\"widget\" data-e-type=\"widget\" data-widget_type=\"heading.default\">\n\t\t\t\t<div class=\"elementor-widget-container\">\n\t\t\t\t\t<div class=\"elementor-heading-title elementor-size-default\">\u041a\u043e\u043d\u0442\u0430\u043a\u0442\u044b<\/div>\t\t\t\t<\/div>\n\t\t\t\t<\/div>\n\t\t\t\t<div class=\"elementor-element elementor-element-648da27 elementor-icon-list--layout-traditional elementor-list-item-link-full_width elementor-widget elementor-widget-icon-list\" data-id=\"648da27\" data-element_type=\"widget\" data-e-type=\"widget\" data-widget_type=\"icon-list.default\">\n\t\t\t\t<div class=\"elementor-widget-container\">\n\t\t\t\t\t\t\t<ul class=\"elementor-icon-list-items\">\n\t\t\t\t\t\t\t<li class=\"elementor-icon-list-item\">\n\t\t\t\t\t\t\t\t\t\t\t<span class=\"elementor-icon-list-icon\">\n\t\t\t\t\t\t\t<i aria-hidden=\"true\" class=\"fibd21- fi-bd21-call-in\"><\/i>\t\t\t\t\t\t<\/span>\n\t\t\t\t\t\t\t\t\t\t<span class=\"elementor-icon-list-text\">\u041f\u043e\u0437\u0432\u043e\u043d\u0438\u0442\u0435 \u043d\u0430\u043c<\/span>\n\t\t\t\t\t\t\t\t\t<\/li>\n\t\t\t\t\t\t<\/ul>\n\t\t\t\t\t\t<\/div>\n\t\t\t\t<\/div>\n\t\t\t\t<div class=\"elementor-element elementor-element-ed77c41 elementor-widget elementor-widget-text-editor\" data-id=\"ed77c41\" data-element_type=\"widget\" data-e-type=\"widget\" data-widget_type=\"text-editor.default\">\n\t\t\t\t<div class=\"elementor-widget-container\">\n\t\t\t\t\t\t\t\t\t<p>\u0422\u0435\u043b\u0435\u0444\u043e\u043d: <strong><span style=\"color: #1cb6e2;\">+372 5049930<\/span><\/strong><\/p>\n\t\t\t\t\t\t\t\t<\/div>\n\t\t\t\t<\/div>\n\t\t\t\t<div class=\"elementor-element elementor-element-5cd26c9 elementor-icon-list--layout-traditional elementor-list-item-link-full_width elementor-widget elementor-widget-icon-list\" data-id=\"5cd26c9\" data-element_type=\"widget\" data-e-type=\"widget\" data-widget_type=\"icon-list.default\">\n\t\t\t\t<div class=\"elementor-widget-container\">\n\t\t\t\t\t\t\t<ul class=\"elementor-icon-list-items\">\n\t\t\t\t\t\t\t<li class=\"elementor-icon-list-item\">\n\t\t\t\t\t\t\t\t\t\t\t<span class=\"elementor-icon-list-icon\">\n\t\t\t\t\t\t\t<i aria-hidden=\"true\" class=\"fibd21- fi-bd21-envelope-open\"><\/i>\t\t\t\t\t\t<\/span>\n\t\t\t\t\t\t\t\t\t\t<span class=\"elementor-icon-list-text\">\u041e\u0442\u043f\u0440\u0430\u0432\u044c\u0442\u0435 \u043d\u0430\u043c \u044d\u043b\u0435\u043a\u0442\u0440\u043e\u043d\u043d\u043e\u0435 \u043f\u0438\u0441\u044c\u043c\u043e<\/span>\n\t\t\t\t\t\t\t\t\t<\/li>\n\t\t\t\t\t\t<\/ul>\n\t\t\t\t\t\t<\/div>\n\t\t\t\t<\/div>\n\t\t\t\t<div class=\"elementor-element elementor-element-f46bfe3 elementor-widget elementor-widget-text-editor\" data-id=\"f46bfe3\" data-element_type=\"widget\" data-e-type=\"widget\" data-widget_type=\"text-editor.default\">\n\t\t\t\t<div class=\"elementor-widget-container\">\n\t\t\t\t\t\t\t\t\t<p>\u041f\u0440\u043e\u0434\u0430\u0436\u0438: <span style=\"color: #00ccff;\"><strong>info@caravan4u.ee<\/strong><\/span><\/p>\t\t\t\t\t\t\t\t<\/div>\n\t\t\t\t<\/div>\n\t\t\t\t<div class=\"elementor-element elementor-element-cbe8cca elementor-icon-list--layout-traditional elementor-list-item-link-full_width elementor-widget elementor-widget-icon-list\" data-id=\"cbe8cca\" data-element_type=\"widget\" data-e-type=\"widget\" data-widget_type=\"icon-list.default\">\n\t\t\t\t<div class=\"elementor-widget-container\">\n\t\t\t\t\t\t\t<ul class=\"elementor-icon-list-items\">\n\t\t\t\t\t\t\t<li class=\"elementor-icon-list-item\">\n\t\t\t\t\t\t\t\t\t\t\t<span class=\"elementor-icon-list-icon\">\n\t\t\t\t\t\t\t<i aria-hidden=\"true\" class=\"fibd21- fi-bd21-location-pin\"><\/i>\t\t\t\t\t\t<\/span>\n\t\t\t\t\t\t\t\t\t\t<span class=\"elementor-icon-list-text\">\u041d\u0430\u0448 \u0430\u0434\u0440\u0435\u0441<\/span>\n\t\t\t\t\t\t\t\t\t<\/li>\n\t\t\t\t\t\t<\/ul>\n\t\t\t\t\t\t<\/div>\n\t\t\t\t<\/div>\n\t\t\t\t<div class=\"elementor-element elementor-element-82227a2 elementor-widget elementor-widget-text-editor\" data-id=\"82227a2\" data-element_type=\"widget\" data-e-type=\"widget\" data-widget_type=\"text-editor.default\">\n\t\t\t\t<div class=\"elementor-widget-container\">\n\t\t\t\t\t\t\t\t\t<p class=\"p1\">\u0410\u0434\u0440\u0435\u0441: <span style=\"background-color: #ffffff; color: #222222; font-family: calibri, sans-serif; font-size: 14.6667px;\">Aru 4, Kiili<\/span><\/p>\n\t\t\t\t\t\t\t\t<\/div>\n\t\t\t\t<\/div>\n\t\t\t\t<div class=\"elementor-element elementor-element-8399dc6 elementor-icon-list--layout-traditional elementor-list-item-link-full_width elementor-widget elementor-widget-icon-list\" data-id=\"8399dc6\" data-element_type=\"widget\" data-e-type=\"widget\" data-widget_type=\"icon-list.default\">\n\t\t\t\t<div class=\"elementor-widget-container\">\n\t\t\t\t\t\t\t<ul class=\"elementor-icon-list-items\">\n\t\t\t\t\t\t\t<li class=\"elementor-icon-list-item\">\n\t\t\t\t\t\t\t\t\t\t\t<span class=\"elementor-icon-list-icon\">\n\t\t\t\t\t\t\t<i aria-hidden=\"true\" class=\"fibd21- fi-bd21-globe\"><\/i>\t\t\t\t\t\t<\/span>\n\t\t\t\t\t\t\t\t\t\t<span class=\"elementor-icon-list-text\">\u0421\u043b\u0435\u0434\u0438\u0442\u0435 \u0437\u0430 \u043d\u0430\u043c\u0438 \u0432 \u0441\u043e\u0446\u0438\u0430\u043b\u044c\u043d\u044b\u0445 \u0441\u0435\u0442\u044f\u0445<\/span>\n\t\t\t\t\t\t\t\t\t<\/li>\n\t\t\t\t\t\t<\/ul>\n\t\t\t\t\t\t<\/div>\n\t\t\t\t<\/div>\n\t\t\t\t<div class=\"elementor-element elementor-element-7ca39be elementor-widget elementor-widget-templines-social\" data-id=\"7ca39be\" data-element_type=\"widget\" data-e-type=\"widget\" data-widget_type=\"templines-social.default\">\n\t\t\t\t<div class=\"elementor-widget-container\">\n\t\t\t\t\t<div class=\"c-soc c-soc--round\">\t\t\t<a href=\"https:\/\/www.facebook.com\/Caravan4U-111411880457536\/\" class=\"c-soc__link\"><i\n\t\t\t\t\tclass=\"ip-facebook c-soc__icon c-soc__icon--facebook\">\n\t\t\t\t\t<!-- --><\/i><\/a>\n\t\t<\/div>\t\t\t\t<\/div>\n\t\t\t\t<\/div>\n\t\t\t\t\t<\/div>\n\t\t<\/div>\n\t\t\t\t<div class=\"elementor-column elementor-col-66 elementor-top-column elementor-element elementor-element-a7ca20f\" data-id=\"a7ca20f\" data-element_type=\"column\" data-e-type=\"column\">\n\t\t\t<div class=\"elementor-widget-wrap elementor-element-populated\">\n\t\t\t\t\t\t<div class=\"elementor-element elementor-element-a452e76 elementor-view-default elementor-widget elementor-widget-icon\" data-id=\"a452e76\" data-element_type=\"widget\" data-e-type=\"widget\" data-widget_type=\"icon.default\">\n\t\t\t\t<div class=\"elementor-widget-container\">\n\t\t\t\t\t\t\t<div class=\"elementor-icon-wrapper\">\n\t\t\t<div class=\"elementor-icon\">\n\t\t\t<i aria-hidden=\"true\" class=\"fibd21- fi-bd21-mountain\"><\/i>\t\t\t<\/div>\n\t\t<\/div>\n\t\t\t\t\t\t<\/div>\n\t\t\t\t<\/div>\n\t\t\t\t<div class=\"elementor-element elementor-element-2fc9c5e elementor-widget elementor-widget-heading\" data-id=\"2fc9c5e\" data-element_type=\"widget\" data-e-type=\"widget\" data-widget_type=\"heading.default\">\n\t\t\t\t<div class=\"elementor-widget-container\">\n\t\t\t\t\t<div class=\"elementor-heading-title elementor-size-default\">Caravan4u.ee<\/div>\t\t\t\t<\/div>\n\t\t\t\t<\/div>\n\t\t\t\t<div class=\"elementor-element elementor-element-c222ba7 elementor-widget elementor-widget-heading\" data-id=\"c222ba7\" data-element_type=\"widget\" data-e-type=\"widget\" data-widget_type=\"heading.default\">\n\t\t\t\t<div class=\"elementor-widget-container\">\n\t\t\t\t\t<div class=\"elementor-heading-title elementor-size-default\">\u041d\u0435 \u0441\u0442\u0435\u0441\u043d\u044f\u0439\u0442\u0435\u0441\u044c \u0441\u0432\u044f\u0437\u0430\u0442\u044c\u0441\u044f \u0441 \u043d\u0430\u043c\u0438<\/div>\t\t\t\t<\/div>\n\t\t\t\t<\/div>\n\t\t\t\t<div class=\"elementor-element elementor-element-1ad9d4d elementor-view-default elementor-widget elementor-widget-icon\" data-id=\"1ad9d4d\" data-element_type=\"widget\" data-e-type=\"widget\" data-widget_type=\"icon.default\">\n\t\t\t\t<div class=\"elementor-widget-container\">\n\t\t\t\t\t\t\t<div class=\"elementor-icon-wrapper\">\n\t\t\t<div class=\"elementor-icon\">\n\t\t\t<i aria-hidden=\"true\" class=\"fibd21- fi-bd21-hr\"><\/i>\t\t\t<\/div>\n\t\t<\/div>\n\t\t\t\t\t\t<\/div>\n\t\t\t\t<\/div>\n\t\t\t\t<div class=\"elementor-element elementor-element-ecf9884 elementor-widget elementor-widget-heading\" data-id=\"ecf9884\" data-element_type=\"widget\" data-e-type=\"widget\" data-widget_type=\"heading.default\">\n\t\t\t\t<div class=\"elementor-widget-container\">\n\t\t\t\t\t<div class=\"elementor-heading-title elementor-size-default\">\u0415\u0441\u043b\u0438 \u0443 \u0432\u0430\u0441 \u0435\u0441\u0442\u044c \u0432\u043e\u043f\u0440\u043e\u0441\u044b, \u0441\u0432\u044f\u0436\u0438\u0442\u0435\u0441\u044c \u0441 \u043d\u0430\u043c\u0438 \u043f\u043e \u0443\u043a\u0430\u0437\u0430\u043d\u043d\u044b\u043c \u043a\u043e\u043d\u0442\u0430\u043a\u0442\u0430\u043c \u0438\u043b\u0438 \u0438\u0441\u043f\u043e\u043b\u044c\u0437\u0443\u0439\u0442\u0435 \u0444\u043e\u0440\u043c\u0443 \u043e\u0431\u0440\u0430\u0442\u043d\u043e\u0439 \u0441\u0432\u044f\u0437\u0438. \u041c\u044b \u0441\u0434\u0435\u043b\u0430\u0435\u043c \u0432\u0441\u0435 \u0432\u043e\u0437\u043c\u043e\u0436\u043d\u043e\u0435, \u0447\u0442\u043e\u0431\u044b \u043e\u0442\u0432\u0435\u0442\u0438\u0442\u044c \u0432\u0430\u043c \u043a\u0430\u043a \u043c\u043e\u0436\u043d\u043e \u0431\u044b\u0441\u0442\u0440\u0435\u0435.<\/div>\t\t\t\t<\/div>\n\t\t\t\t<\/div>\n\t\t\t\t<div class=\"elementor-element elementor-element-ed8d0cd elementor-widget elementor-widget-shortcode\" data-id=\"ed8d0cd\" data-element_type=\"widget\" data-e-type=\"widget\" data-widget_type=\"shortcode.default\">\n\t\t\t\t<div class=\"elementor-widget-container\">\n\t\t\t\t\t\t\t<div class=\"elementor-shortcode\">\n<div class=\"wpcf7 no-js\" id=\"wpcf7-f7-o1\" lang=\"et\" dir=\"ltr\" data-wpcf7-id=\"7\">\n<div class=\"screen-reader-response\"><p role=\"status\" aria-live=\"polite\" aria-atomic=\"true\"><\/p> <ul><\/ul><\/div>\n<form action=\"\/ru\/wp-json\/wp\/v2\/pages\/2578#wpcf7-f7-o1\" method=\"post\" class=\"wpcf7-form init\" aria-label=\"Contact form\" novalidate=\"novalidate\" data-status=\"init\">\n<fieldset class=\"hidden-fields-container\"><input type=\"hidden\" name=\"_wpcf7\" value=\"7\" \/><input type=\"hidden\" name=\"_wpcf7_version\" value=\"6.1.5\" \/><input type=\"hidden\" name=\"_wpcf7_locale\" value=\"et\" \/><input type=\"hidden\" name=\"_wpcf7_unit_tag\" value=\"wpcf7-f7-o1\" \/><input type=\"hidden\" name=\"_wpcf7_container_post\" value=\"0\" \/><input type=\"hidden\" name=\"_wpcf7_posted_data_hash\" value=\"\" \/>\n<\/fieldset>\n<p><label> Nimi (kohustuslik)<br \/>\n<span class=\"wpcf7-form-control-wrap\" data-name=\"your-name\"><input size=\"40\" maxlength=\"400\" class=\"wpcf7-form-control wpcf7-text wpcf7-validates-as-required\" aria-required=\"true\" aria-invalid=\"false\" value=\"\" type=\"text\" name=\"your-name\" \/><\/span> <\/label>\n<\/p>\n<p><label> E-mail (kohustuslik)<br \/>\n<span class=\"wpcf7-form-control-wrap\" data-name=\"your-email\"><input size=\"40\" maxlength=\"400\" class=\"wpcf7-form-control wpcf7-email wpcf7-validates-as-required wpcf7-text wpcf7-validates-as-email\" aria-required=\"true\" aria-invalid=\"false\" value=\"\" type=\"email\" name=\"your-email\" \/><\/span> <\/label>\n<\/p>\n<p><label> Teema<br \/>\n<span class=\"wpcf7-form-control-wrap\" data-name=\"your-subject\"><input size=\"40\" maxlength=\"400\" class=\"wpcf7-form-control wpcf7-text\" aria-invalid=\"false\" value=\"\" type=\"text\" name=\"your-subject\" \/><\/span> <\/label>\n<\/p>\n<p><label> S\u00f5num<br \/>\n<span class=\"wpcf7-form-control-wrap\" data-name=\"your-message\"><textarea cols=\"40\" rows=\"10\" maxlength=\"2000\" class=\"wpcf7-form-control wpcf7-textarea\" aria-invalid=\"false\" name=\"your-message\"><\/textarea><\/span> <\/label>\n<\/p>\n<p><input class=\"wpcf7-form-control wpcf7-submit has-spinner\" type=\"submit\" value=\"Saada\" \/>\n<\/p><div class=\"wpcf7-response-output\" aria-hidden=\"true\"><\/div>\n<\/form>\n<\/div>\n<\/div>\n\t\t\t\t\t\t<\/div>\n\t\t\t\t<\/div>\n\t\t\t\t\t<\/div>\n\t\t<\/div>\n\t\t\t\t\t<\/div>\n\t\t<\/section>\n\t\t\t\t<section class=\"elementor-section elementor-top-section elementor-element elementor-element-2258445 elementor-section-full_width elementor-section-height-default elementor-section-height-default\" data-id=\"2258445\" data-element_type=\"section\" data-e-type=\"section\">\n\t\t\t\t\t\t<div class=\"elementor-container elementor-column-gap-no\">\n\t\t\t\t\t<div class=\"elementor-column elementor-col-100 elementor-top-column elementor-element elementor-element-96d6c43\" data-id=\"96d6c43\" data-element_type=\"column\" data-e-type=\"column\">\n\t\t\t<div class=\"elementor-widget-wrap elementor-element-populated\">\n\t\t\t\t\t\t<div class=\"elementor-element elementor-element-d999bcd elementor-widget elementor-widget-google_maps\" data-id=\"d999bcd\" data-element_type=\"widget\" data-e-type=\"widget\" data-widget_type=\"google_maps.default\">\n\t\t\t\t<div class=\"elementor-widget-container\">\n\t\t\t\t\t\t\t<div class=\"elementor-custom-embed\">\n\t\t\t<iframe loading=\"lazy\"\n\t\t\t\t\tsrc=\"https:\/\/maps.google.com\/maps?q=Aru%204%2C%20Kiili&#038;t=m&#038;z=10&#038;output=embed&#038;iwloc=near\"\n\t\t\t\t\ttitle=\"Aru 4, Kiili\"\n\t\t\t\t\taria-label=\"Aru 4, Kiili\"\n\t\t\t><\/iframe>\n\t\t<\/div>\n\t\t\t\t\t\t<\/div>\n\t\t\t\t<\/div>\n\t\t\t\t\t<\/div>\n\t\t<\/div>\n\t\t\t\t\t<\/div>\n\t\t<\/section>\n\t\t\t\t<\/div>\n\t\t","protected":false},"excerpt":{"rendered":"<p>Kontakt \u041a\u043e\u043d\u0442\u0430\u043a\u0442\u044b \u041f\u043e\u0437\u0432\u043e\u043d\u0438\u0442\u0435 \u043d\u0430\u043c \u0422\u0435\u043b\u0435\u0444\u043e\u043d: +372 5049930 \u041e\u0442\u043f\u0440\u0430\u0432\u044c\u0442\u0435 \u043d\u0430\u043c \u044d\u043b\u0435\u043a\u0442\u0440\u043e\u043d\u043d\u043e\u0435 \u043f\u0438\u0441\u044c\u043c\u043e \u041f\u0440\u043e\u0434\u0430\u0436\u0438: info@caravan4u.ee \u041d\u0430\u0448 \u0430\u0434\u0440\u0435\u0441&hellip;<\/p>\n","protected":false},"author":3,"featured_media":0,"parent":0,"menu_order":0,"comment_status":"closed","ping_status":"closed","template":"elementor_header_footer","meta":{"_monsterinsights_skip_tracking":false,"_monsterinsights_sitenote_active":false,"_monsterinsights_sitenote_note":"","_monsterinsights_sitenote_category":0,"footnotes":""},"class_list":["post-2578","page","type-page","status-publish","hentry"],"yoast_head":"<!-- This site is optimized with the Yoast SEO plugin v27.4 - https:\/\/yoast.com\/product\/yoast-seo-wordpress\/ -->\n<title>\u041a\u043e\u043d\u0442\u0430\u043a\u0442\u044b - Caravan4u.ee<\/title>\n<meta name=\"description\" content=\"Caravan4U on Niewiadow haagissuvilate ja lisavarustuse ametlik m\u00fc\u00fcja eestis. Pakume m\u00fc\u00fcgiks 2-4 kohalisi rikkaliku varustusega ja hea hinnaga haagissuvilaid.\" \/>\n<meta name=\"robots\" content=\"index, follow, max-snippet:-1, max-image-preview:large, max-video-preview:-1\" \/>\n<link rel=\"canonical\" href=\"https:\/\/caravan4u.ee\/ru\/%d0%ba%d0%be%d0%bd%d1%82%d0%b0%d0%ba%d1%82%d1%8b\/\" \/>\n<meta property=\"og:locale\" content=\"ru_RU\" \/>\n<meta property=\"og:type\" content=\"article\" \/>\n<meta property=\"og:title\" content=\"\u041a\u043e\u043d\u0442\u0430\u043a\u0442\u044b - Caravan4u.ee\" \/>\n<meta property=\"og:description\" content=\"Caravan4U on Niewiadow haagissuvilate ja lisavarustuse ametlik m\u00fc\u00fcja eestis. Pakume m\u00fc\u00fcgiks 2-4 kohalisi rikkaliku varustusega ja hea hinnaga haagissuvilaid.\" \/>\n<meta property=\"og:url\" content=\"https:\/\/caravan4u.ee\/ru\/%d0%ba%d0%be%d0%bd%d1%82%d0%b0%d0%ba%d1%82%d1%8b\/\" \/>\n<meta property=\"og:site_name\" content=\"Caravan4u.ee\" \/>\n<meta property=\"article:publisher\" content=\"https:\/\/www.facebook.com\/Haagisuvilarent\" \/>\n<meta property=\"article:modified_time\" content=\"2023-10-21T09:53:14+00:00\" \/>\n<meta name=\"twitter:card\" content=\"summary_large_image\" \/>\n<meta name=\"twitter:label1\" content=\"\u041f\u0440\u0438\u043c\u0435\u0440\u043d\u043e\u0435 \u0432\u0440\u0435\u043c\u044f \u0434\u043b\u044f \u0447\u0442\u0435\u043d\u0438\u044f\" \/>\n\t<meta name=\"twitter:data1\" content=\"1 \u043c\u0438\u043d\u0443\u0442\u0430\" \/>\n<script type=\"application\/ld+json\" class=\"yoast-schema-graph\">{\"@context\":\"https:\\\/\\\/schema.org\",\"@graph\":[{\"@type\":\"WebPage\",\"@id\":\"https:\\\/\\\/caravan4u.ee\\\/ru\\\/%d0%ba%d0%be%d0%bd%d1%82%d0%b0%d0%ba%d1%82%d1%8b\\\/\",\"url\":\"https:\\\/\\\/caravan4u.ee\\\/ru\\\/%d0%ba%d0%be%d0%bd%d1%82%d0%b0%d0%ba%d1%82%d1%8b\\\/\",\"name\":\"\u041a\u043e\u043d\u0442\u0430\u043a\u0442\u044b - Caravan4u.ee\",\"isPartOf\":{\"@id\":\"https:\\\/\\\/caravan4u.ee\\\/ru\\\/#website\"},\"datePublished\":\"2019-06-18T12:37:13+00:00\",\"dateModified\":\"2023-10-21T09:53:14+00:00\",\"description\":\"Caravan4U on Niewiadow haagissuvilate ja lisavarustuse ametlik m\u00fc\u00fcja eestis. Pakume m\u00fc\u00fcgiks 2-4 kohalisi rikkaliku varustusega ja hea hinnaga haagissuvilaid.\",\"breadcrumb\":{\"@id\":\"https:\\\/\\\/caravan4u.ee\\\/ru\\\/%d0%ba%d0%be%d0%bd%d1%82%d0%b0%d0%ba%d1%82%d1%8b\\\/#breadcrumb\"},\"inLanguage\":\"ru-RU\",\"potentialAction\":[{\"@type\":\"ReadAction\",\"target\":[\"https:\\\/\\\/caravan4u.ee\\\/ru\\\/%d0%ba%d0%be%d0%bd%d1%82%d0%b0%d0%ba%d1%82%d1%8b\\\/\"]}]},{\"@type\":\"BreadcrumbList\",\"@id\":\"https:\\\/\\\/caravan4u.ee\\\/ru\\\/%d0%ba%d0%be%d0%bd%d1%82%d0%b0%d0%ba%d1%82%d1%8b\\\/#breadcrumb\",\"itemListElement\":[{\"@type\":\"ListItem\",\"position\":1,\"name\":\"Home\",\"item\":\"https:\\\/\\\/caravan4u.ee\\\/ru\\\/\"},{\"@type\":\"ListItem\",\"position\":2,\"name\":\"\u041a\u043e\u043d\u0442\u0430\u043a\u0442\u044b\"}]},{\"@type\":\"WebSite\",\"@id\":\"https:\\\/\\\/caravan4u.ee\\\/ru\\\/#website\",\"url\":\"https:\\\/\\\/caravan4u.ee\\\/ru\\\/\",\"name\":\"Caravan4u.ee\",\"description\":\"haagissuvilate m\u00fc\u00fck ja hooldus\",\"publisher\":{\"@id\":\"https:\\\/\\\/caravan4u.ee\\\/ru\\\/#organization\"},\"potentialAction\":[{\"@type\":\"SearchAction\",\"target\":{\"@type\":\"EntryPoint\",\"urlTemplate\":\"https:\\\/\\\/caravan4u.ee\\\/ru\\\/?s={search_term_string}\"},\"query-input\":{\"@type\":\"PropertyValueSpecification\",\"valueRequired\":true,\"valueName\":\"search_term_string\"}}],\"inLanguage\":\"ru-RU\"},{\"@type\":\"Organization\",\"@id\":\"https:\\\/\\\/caravan4u.ee\\\/ru\\\/#organization\",\"name\":\"Caravan4u.ee\",\"url\":\"https:\\\/\\\/caravan4u.ee\\\/ru\\\/\",\"logo\":{\"@type\":\"ImageObject\",\"inLanguage\":\"ru-RU\",\"@id\":\"https:\\\/\\\/caravan4u.ee\\\/ru\\\/#\\\/schema\\\/logo\\\/image\\\/\",\"url\":\"https:\\\/\\\/caravan4u.ee\\\/wp-content\\\/uploads\\\/2020\\\/04\\\/aucapina-0903591607-svg-5.png\",\"contentUrl\":\"https:\\\/\\\/caravan4u.ee\\\/wp-content\\\/uploads\\\/2020\\\/04\\\/aucapina-0903591607-svg-5.png\",\"width\":236,\"height\":51,\"caption\":\"Caravan4u.ee\"},\"image\":{\"@id\":\"https:\\\/\\\/caravan4u.ee\\\/ru\\\/#\\\/schema\\\/logo\\\/image\\\/\"},\"sameAs\":[\"https:\\\/\\\/www.facebook.com\\\/Haagisuvilarent\"]}]}<\/script>\n<!-- \/ Yoast SEO plugin. -->","yoast_head_json":{"title":"\u041a\u043e\u043d\u0442\u0430\u043a\u0442\u044b - Caravan4u.ee","description":"Caravan4U on Niewiadow haagissuvilate ja lisavarustuse ametlik m\u00fc\u00fcja eestis. Pakume m\u00fc\u00fcgiks 2-4 kohalisi rikkaliku varustusega ja hea hinnaga haagissuvilaid.","robots":{"index":"index","follow":"follow","max-snippet":"max-snippet:-1","max-image-preview":"max-image-preview:large","max-video-preview":"max-video-preview:-1"},"canonical":"https:\/\/caravan4u.ee\/ru\/%d0%ba%d0%be%d0%bd%d1%82%d0%b0%d0%ba%d1%82%d1%8b\/","og_locale":"ru_RU","og_type":"article","og_title":"\u041a\u043e\u043d\u0442\u0430\u043a\u0442\u044b - Caravan4u.ee","og_description":"Caravan4U on Niewiadow haagissuvilate ja lisavarustuse ametlik m\u00fc\u00fcja eestis. Pakume m\u00fc\u00fcgiks 2-4 kohalisi rikkaliku varustusega ja hea hinnaga haagissuvilaid.","og_url":"https:\/\/caravan4u.ee\/ru\/%d0%ba%d0%be%d0%bd%d1%82%d0%b0%d0%ba%d1%82%d1%8b\/","og_site_name":"Caravan4u.ee","article_publisher":"https:\/\/www.facebook.com\/Haagisuvilarent","article_modified_time":"2023-10-21T09:53:14+00:00","twitter_card":"summary_large_image","twitter_misc":{"\u041f\u0440\u0438\u043c\u0435\u0440\u043d\u043e\u0435 \u0432\u0440\u0435\u043c\u044f \u0434\u043b\u044f \u0447\u0442\u0435\u043d\u0438\u044f":"1 \u043c\u0438\u043d\u0443\u0442\u0430"},"schema":{"@context":"https:\/\/schema.org","@graph":[{"@type":"WebPage","@id":"https:\/\/caravan4u.ee\/ru\/%d0%ba%d0%be%d0%bd%d1%82%d0%b0%d0%ba%d1%82%d1%8b\/","url":"https:\/\/caravan4u.ee\/ru\/%d0%ba%d0%be%d0%bd%d1%82%d0%b0%d0%ba%d1%82%d1%8b\/","name":"\u041a\u043e\u043d\u0442\u0430\u043a\u0442\u044b - Caravan4u.ee","isPartOf":{"@id":"https:\/\/caravan4u.ee\/ru\/#website"},"datePublished":"2019-06-18T12:37:13+00:00","dateModified":"2023-10-21T09:53:14+00:00","description":"Caravan4U on Niewiadow haagissuvilate ja lisavarustuse ametlik m\u00fc\u00fcja eestis. Pakume m\u00fc\u00fcgiks 2-4 kohalisi rikkaliku varustusega ja hea hinnaga haagissuvilaid.","breadcrumb":{"@id":"https:\/\/caravan4u.ee\/ru\/%d0%ba%d0%be%d0%bd%d1%82%d0%b0%d0%ba%d1%82%d1%8b\/#breadcrumb"},"inLanguage":"ru-RU","potentialAction":[{"@type":"ReadAction","target":["https:\/\/caravan4u.ee\/ru\/%d0%ba%d0%be%d0%bd%d1%82%d0%b0%d0%ba%d1%82%d1%8b\/"]}]},{"@type":"BreadcrumbList","@id":"https:\/\/caravan4u.ee\/ru\/%d0%ba%d0%be%d0%bd%d1%82%d0%b0%d0%ba%d1%82%d1%8b\/#breadcrumb","itemListElement":[{"@type":"ListItem","position":1,"name":"Home","item":"https:\/\/caravan4u.ee\/ru\/"},{"@type":"ListItem","position":2,"name":"\u041a\u043e\u043d\u0442\u0430\u043a\u0442\u044b"}]},{"@type":"WebSite","@id":"https:\/\/caravan4u.ee\/ru\/#website","url":"https:\/\/caravan4u.ee\/ru\/","name":"Caravan4u.ee","description":"haagissuvilate m\u00fc\u00fck ja hooldus","publisher":{"@id":"https:\/\/caravan4u.ee\/ru\/#organization"},"potentialAction":[{"@type":"SearchAction","target":{"@type":"EntryPoint","urlTemplate":"https:\/\/caravan4u.ee\/ru\/?s={search_term_string}"},"query-input":{"@type":"PropertyValueSpecification","valueRequired":true,"valueName":"search_term_string"}}],"inLanguage":"ru-RU"},{"@type":"Organization","@id":"https:\/\/caravan4u.ee\/ru\/#organization","name":"Caravan4u.ee","url":"https:\/\/caravan4u.ee\/ru\/","logo":{"@type":"ImageObject","inLanguage":"ru-RU","@id":"https:\/\/caravan4u.ee\/ru\/#\/schema\/logo\/image\/","url":"https:\/\/caravan4u.ee\/wp-content\/uploads\/2020\/04\/aucapina-0903591607-svg-5.png","contentUrl":"https:\/\/caravan4u.ee\/wp-content\/uploads\/2020\/04\/aucapina-0903591607-svg-5.png","width":236,"height":51,"caption":"Caravan4u.ee"},"image":{"@id":"https:\/\/caravan4u.ee\/ru\/#\/schema\/logo\/image\/"},"sameAs":["https:\/\/www.facebook.com\/Haagisuvilarent"]}]}},"_links":{"self":[{"href":"https:\/\/caravan4u.ee\/ru\/wp-json\/wp\/v2\/pages\/2578","targetHints":{"allow":["GET"]}}],"collection":[{"href":"https:\/\/caravan4u.ee\/ru\/wp-json\/wp\/v2\/pages"}],"about":[{"href":"https:\/\/caravan4u.ee\/ru\/wp-json\/wp\/v2\/types\/page"}],"author":[{"embeddable":true,"href":"https:\/\/caravan4u.ee\/ru\/wp-json\/wp\/v2\/users\/3"}],"replies":[{"embeddable":true,"href":"https:\/\/caravan4u.ee\/ru\/wp-json\/wp\/v2\/comments?post=2578"}],"version-history":[{"count":4,"href":"https:\/\/caravan4u.ee\/ru\/wp-json\/wp\/v2\/pages\/2578\/revisions"}],"predecessor-version":[{"id":2857,"href":"https:\/\/caravan4u.ee\/ru\/wp-json\/wp\/v2\/pages\/2578\/revisions\/2857"}],"wp:attachment":[{"href":"https:\/\/caravan4u.ee\/ru\/wp-json\/wp\/v2\/media?parent=2578"}],"curies":[{"name":"wp","href":"https:\/\/api.w.org\/{rel}","templated":true}]}}