{"id":2603,"date":"2023-08-04T15:11:12","date_gmt":"2023-08-04T15:11:12","guid":{"rendered":"https:\/\/caravan4u.ee\/sport\/"},"modified":"2023-11-15T15:48:03","modified_gmt":"2023-11-15T15:48:03","slug":"sport","status":"publish","type":"page","link":"https:\/\/caravan4u.ee\/ru\/sport\/","title":{"rendered":"Sport"},"content":{"rendered":"\t\t<div data-elementor-type=\"wp-page\" data-elementor-id=\"2603\" class=\"elementor elementor-2603 elementor-1923\">\n\t\t\t\t\t\t<section class=\"elementor-section elementor-top-section elementor-element elementor-element-543176b elementor-section-boxed elementor-section-height-default elementor-section-height-default\" data-id=\"543176b\" data-element_type=\"section\" data-e-type=\"section\">\n\t\t\t\t\t\t<div class=\"elementor-container elementor-column-gap-default\">\n\t\t\t\t\t<div class=\"elementor-column elementor-col-100 elementor-top-column elementor-element elementor-element-b90bc0b\" data-id=\"b90bc0b\" data-element_type=\"column\" data-e-type=\"column\">\n\t\t\t<div class=\"elementor-widget-wrap elementor-element-populated\">\n\t\t\t\t\t\t<section class=\"elementor-section elementor-inner-section elementor-element elementor-element-cc81663 elementor-section-boxed elementor-section-height-default elementor-section-height-default\" data-id=\"cc81663\" data-element_type=\"section\" data-e-type=\"section\">\n\t\t\t\t\t\t<div class=\"elementor-container elementor-column-gap-default\">\n\t\t\t\t\t<div class=\"elementor-column elementor-col-50 elementor-inner-column elementor-element elementor-element-84d656a\" data-id=\"84d656a\" data-element_type=\"column\" data-e-type=\"column\">\n\t\t\t<div class=\"elementor-widget-wrap elementor-element-populated\">\n\t\t\t\t\t\t<div class=\"elementor-element elementor-element-733b676 elementor-widget elementor-widget-image\" data-id=\"733b676\" data-element_type=\"widget\" data-e-type=\"widget\" data-widget_type=\"image.default\">\n\t\t\t\t<div class=\"elementor-widget-container\">\n\t\t\t\t\t\t\t\t\t\t\t\t\t\t\t\t<a href=\"https:\/\/caravan4u.ee\/wp-content\/uploads\/2023\/08\/sport1.png\" data-elementor-open-lightbox=\"yes\" data-elementor-lightbox-title=\"sport1\" data-e-action-hash=\"#elementor-action%3Aaction%3Dlightbox%26settings%3DeyJpZCI6MjQwNCwidXJsIjoiaHR0cHM6XC9cL2NhcmF2YW40dS5lZVwvd3AtY29udGVudFwvdXBsb2Fkc1wvMjAyM1wvMDhcL3Nwb3J0MS5wbmcifQ%3D%3D\">\n\t\t\t\t\t\t\t<img fetchpriority=\"high\" decoding=\"async\" width=\"1024\" height=\"683\" src=\"data:image\/gif;base64,R0lGODlhAQABAAD\/ACwAAAAAAQABAAACADs%3D\" data-src=\"https:\/\/caravan4u.ee\/wp-content\/uploads\/2023\/08\/sport1.png\" class=\"lazyload attachment-large size-large wp-image-2404\" alt=\"\" data-srcset=\"https:\/\/caravan4u.ee\/wp-content\/uploads\/2023\/08\/sport1.png 1024w, https:\/\/caravan4u.ee\/wp-content\/uploads\/2023\/08\/sport1-360x240.png 360w, https:\/\/caravan4u.ee\/wp-content\/uploads\/2023\/08\/sport1-750x500.png 750w, https:\/\/caravan4u.ee\/wp-content\/uploads\/2023\/08\/sport1-120x80.png 120w\" data-sizes=\"(max-width: 1024px) 100vw, 1024px\" \/>\t\t\t\t\t\t\t\t<\/a>\n\t\t\t\t\t\t\t\t\t\t\t\t\t\t\t<\/div>\n\t\t\t\t<\/div>\n\t\t\t\t\t<\/div>\n\t\t<\/div>\n\t\t\t\t<div class=\"elementor-column elementor-col-50 elementor-inner-column elementor-element elementor-element-5fd9cc2\" data-id=\"5fd9cc2\" data-element_type=\"column\" data-e-type=\"column\">\n\t\t\t<div class=\"elementor-widget-wrap elementor-element-populated\">\n\t\t\t\t\t\t<div class=\"elementor-element elementor-element-be69c2a elementor-widget elementor-widget-text-editor\" data-id=\"be69c2a\" data-element_type=\"widget\" data-e-type=\"widget\" data-widget_type=\"text-editor.default\">\n\t\t\t\t<div class=\"elementor-widget-container\">\n\t\t\t\t\t\t\t\t\t<ul>\n<li>\u0422\u0438\u043f: N-Cross Sport NTL<\/li>\n<li>\u041e\u0431\u0449\u0430\u044f \u043c\u0430\u0441\u0441\u0430: 850 \u043a\u0433<\/li>\n<li>\u0413\u0440\u0443\u0437\u043e\u043f\u043e\u0434\u044a\u0435\u043c\u043d\u043e\u0441\u0442\u044c: 105 \u043a\u0433<\/li>\n<li>\u0412\u043d\u0443\u0442\u0440\u0435\u043d\u043d\u0438\u0435 \u0440\u0430\u0437\u043c\u0435\u0440\u044b: \u0414\u043b\u0438\u043d\u0430: 295 \u0441\u043c, \u0428\u0438\u0440\u0438\u043d\u0430: 190 \u0441\u043c, \u0412\u044b\u0441\u043e\u0442\u0430: 184 \u0441\u043c<\/li>\n<li>\u0412\u043d\u0435\u0448\u043d\u0438\u0435 \u0440\u0430\u0437\u043c\u0435\u0440\u044b: \u0414\u043b\u0438\u043d\u0430: 450 \u0441\u043c, \u0428\u0438\u0440\u0438\u043d\u0430: 205 \u0441\u043c, \u0412\u044b\u0441\u043e\u0442\u0430: 245 \u0441\u043c<\/li>\n<li>\u0420\u0430\u043c\u0430: \u0421\u0442\u0430\u043b\u044c, \u043e\u0446\u0438\u043d\u043a\u043e\u0432\u0430\u043d\u043d\u0430\u044f<\/li>\n<li>\u0421\u0442\u0435\u043d\u044b: \u0422\u0438\u043f &#171;\u0441\u044d\u043d\u0434\u0432\u0438\u0447&#187;<\/li>\n<li>\u0428\u0438\u043d\u044b: 165\/70R13<\/li>\n<li>\u041f\u0440\u043e\u0438\u0437\u0432\u043e\u0434\u0438\u0442\u0435\u043b\u044c \u043e\u0441\u0438: AL-KO \u0438\u043b\u0438 KNOTT<\/li>\n<li>\u041a\u043e\u043b\u0438\u0447\u0435\u0441\u0442\u0432\u043e \u043e\u0441\u0435\u0439: 1<\/li>\n<li>\u0422\u043e\u0440\u043c\u043e\u0437\u043d\u0430\u044f \u043e\u0441\u044c: \u0414\u0430<\/li>\n<li>\u0423\u043f\u043e\u0440\u043d\u043e\u0435 \u043a\u043e\u043b\u0435\u0441\u043e: \u0414\u0430, \u0432 \u0441\u0442\u0430\u043d\u0434\u0430\u0440\u0442\u043d\u043e\u0439 \u043a\u043e\u043c\u043f\u043b\u0435\u043a\u0442\u0430\u0446\u0438\u0438<\/li>\n<li>\u041a\u0440\u044b\u0448\u043a\u0430 \u0441\u0446\u0435\u043f\u043d\u043e\u0433\u043e \u0443\u0441\u0442\u0440\u043e\u0439\u0441\u0442\u0432\u0430: \u0414\u0430<\/li>\n<li>\u0417\u0430\u043f\u0430\u0441\u043d\u043e\u0435 \u043a\u043e\u043b\u0435\u0441\u043e: \u0414\u0430 (\u0434\u043e\u043f\u043e\u043b\u043d\u0438\u0442\u0435\u043b\u044c\u043d\u043e\u0435 \u043e\u0431\u043e\u0440\u0443\u0434\u043e\u0432\u0430\u043d\u0438\u0435)<\/li>\n<li>\u041e\u043f\u043e\u0440\u043d\u044b\u0435 \u043d\u043e\u0436\u043a\u0438: \u0414\u0430, 4 \u0448\u0442.<\/li>\n<li>\u0412\u044b\u0441\u043e\u0442\u0430 \u0432\u0445\u043e\u0434\u0430: 1<\/li>\n<li>\u042d\u043b\u0435\u043a\u0442\u0440\u0438\u0447\u0435\u0441\u043a\u0430\u044f \u0440\u043e\u0437\u0435\u0442\u043a\u0430: \u0414\u0430<\/li>\n<li>\u0421\u043f\u0430\u043b\u044c\u043d\u043e\u0435 \u043c\u0435\u0441\u0442\u043e: 190&#215;170 \u0441\u043c<\/li>\n<li>\u041a\u043e\u043b\u0438\u0447\u0435\u0441\u0442\u0432\u043e \u0441\u043f\u0430\u043b\u044c\u043d\u044b\u0445 \u043c\u0435\u0441\u0442: 2 + 1<\/li>\n<li>\u041a\u043e\u043b\u0438\u0447\u0435\u0441\u0442\u0432\u043e \u0447\u0435\u043b\u043e\u0432\u0435\u043a: 2 \u0432\u0437\u0440\u043e\u0441\u043b\u044b\u0445 + 1 \u0440\u0435\u0431\u0435\u043d\u043e\u043a<\/li>\n<li>\u0414\u0432\u043e\u0439\u043d\u044b\u0435 \u0440\u0443\u043b\u043e\u043d\u043d\u044b\u0435 \u0448\u0442\u043e\u0440\u044b: \u0441\u043f\u0435\u0440\u0435\u0434\u0438 \u0438 \u0441\u0437\u0430\u0434\u0438<\/li>\n<li>\u0414\u0432\u043e\u0439\u043d\u044b\u0435 \u0440\u0443\u043b\u043e\u043d\u043d\u044b\u0435 \u0448\u0442\u043e\u0440\u044b: \u0441\u043f\u0435\u0440\u0435\u0434\u0438 \u0438 \u0441\u0437\u0430\u0434\u0438<\/li>\n<li>\u0413\u0430\u0437\u043e\u0432\u0430\u044f \u043f\u043b\u0438\u0442\u0430: 1 x 2 \u0433\u043e\u0440\u0435\u043b\u043a\u0438<\/li>\n<li>\u0425\u043e\u043b\u043e\u0434\u0438\u043b\u044c\u043d\u0438\u043a: 60 \u043b\u0438\u0442\u0440\u043e\u0432<\/li>\n<li>\u0414\u043e\u043f\u043e\u043b\u043d\u0438\u0442\u0435\u043b\u044c\u043d\u044b\u0439 \u0441\u0442\u043e\u043f-\u0441\u0438\u0433\u043d\u0430\u043b\u044c\u043d\u044b\u0439 \u0441\u0432\u0435\u0442: \u0414\u0430<\/li>\n<li>\u0422\u0443\u0430\u043b\u0435\u0442: \u0414\u0430<\/li>\n<li>\u0423\u043c\u044b\u0432\u0430\u043b\u044c\u043d\u0438\u043a: \u0414\u0430<\/li>\n<li>\u0410\u043c\u043e\u0440\u0442\u0438\u0437\u0438\u0440\u043e\u0432\u0430\u043d\u043d\u0430\u044f \u043f\u043e\u0434\u0432\u0435\u0441\u043a\u0430: \u0414\u0430<\/li>\n<li>\u0414\u043e\u043f\u043e\u043b\u043d\u0438\u0442\u0435\u043b\u044c\u043d\u044b\u0439 \u0441\u0432\u0435\u0442 \u0443 \u043f\u0435\u0440\u0435\u0434\u043d\u0438\u0445 \u0434\u0432\u0435\u0440\u0435\u0439: \u0414\u0430<\/li>\n<li>\u041a\u0440\u044b\u0448\u043d\u043e\u0439 \u043b\u044e\u043a: Dometic Mini Heki<\/li>\n<li>\u0411\u0430\u043a \u0434\u043b\u044f \u0432\u043e\u0434\u044b: 30 \u043b\u0438\u0442\u0440\u043e\u0432<\/li>\n<li>\u042d\u043b\u0435\u043a\u0442\u0440\u0438\u0447\u0435\u0441\u043a\u0438\u0439 \u043a\u0430\u0431\u0435\u043b\u044c: \u0414\u0430<\/li>\n<\/ul>\n<div>\u0414\u043e\u0441\u0442\u0443\u043f\u043d\u043e \u043c\u043d\u043e\u0433\u043e \u0434\u0440\u0443\u0433\u043e\u0433\u043e \u0434\u043e\u043f\u043e\u043b\u043d\u0438\u0442\u0435\u043b\u044c\u043d\u043e\u0433\u043e \u043e\u0431\u043e\u0440\u0443\u0434\u043e\u0432\u0430\u043d\u0438\u044f&nbsp;<\/div>\t\t\t\t\t\t\t\t<\/div>\n\t\t\t\t<\/div>\n\t\t\t\t\t<\/div>\n\t\t<\/div>\n\t\t\t\t\t<\/div>\n\t\t<\/section>\n\t\t\t\t<div class=\"elementor-element elementor-element-1932985 elementor-widget elementor-widget-heading\" data-id=\"1932985\" data-element_type=\"widget\" data-e-type=\"widget\" data-widget_type=\"heading.default\">\n\t\t\t\t<div class=\"elementor-widget-container\">\n\t\t\t\t\t<h2 class=\"elementor-heading-title elementor-size-default\">\u0426\u0435\u043d\u0430 \u043e\u0442 13 600\u20ac<\/h2>\t\t\t\t<\/div>\n\t\t\t\t<\/div>\n\t\t\t\t<div class=\"elementor-element elementor-element-d5dbc28 elementor-widget elementor-widget-text-editor\" data-id=\"d5dbc28\" data-element_type=\"widget\" data-e-type=\"widget\" data-widget_type=\"text-editor.default\">\n\t\t\t\t<div class=\"elementor-widget-container\">\n\t\t\t\t\t\t\t\t\t<p><a href=\"https:\/\/caravan4u.ee\/ru\/%d0%b4%d0%be%d0%bf%d0%be%d0%bb%d0%bd%d0%b8%d1%82%d0%b5%d0%bb%d1%8c%d0%bd%d0%be%d0%b5-%d0%be%d0%b1%d0%be%d1%80%d1%83%d0%b4%d0%be%d0%b2%d0%b0%d0%bd%d0%b8%d0%b5\/\" target=\"_blank\" rel=\"noopener\">\u041f\u043e\u0441\u043c\u043e\u0442\u0440\u0435\u0442\u044c \u0430\u043a\u0441\u0435\u0441\u0441\u0443\u0430\u0440\u044b -&gt;<\/a><\/p>\n\t\t\t\t\t\t\t\t<\/div>\n\t\t\t\t<\/div>\n\t\t\t\t<div class=\"elementor-element elementor-element-7c6be96 elementor-widget elementor-widget-templines-instagram\" data-id=\"7c6be96\" data-element_type=\"widget\" data-e-type=\"widget\" data-widget_type=\"templines-instagram.default\">\n\t\t\t\t<div class=\"elementor-widget-container\">\n\t\t\t\t\t\t\t\t\t\t\t\t\t\t\t\t\t\t\t\t\t\t\t\t\t\t<div class=\"c-instagram\" data-images=\"{&quot;images&quot;:[{&quot;src&quot;:&quot;https:\\\/\\\/caravan4u.ee\\\/wp-content\\\/uploads\\\/2023\\\/08\\\/sport2.png&quot;,&quot;w&quot;:6000,&quot;h&quot;:4000},{&quot;src&quot;:&quot;https:\\\/\\\/caravan4u.ee\\\/wp-content\\\/uploads\\\/2023\\\/08\\\/sport4.png&quot;,&quot;w&quot;:1916,&quot;h&quot;:830},{&quot;src&quot;:&quot;https:\\\/\\\/caravan4u.ee\\\/wp-content\\\/uploads\\\/2023\\\/08\\\/sport3.png&quot;,&quot;w&quot;:1916,&quot;h&quot;:830},{&quot;src&quot;:&quot;https:\\\/\\\/caravan4u.ee\\\/wp-content\\\/uploads\\\/2023\\\/08\\\/sport5.jpg&quot;,&quot;w&quot;:1461,&quot;h&quot;:954},{&quot;src&quot;:&quot;https:\\\/\\\/caravan4u.ee\\\/wp-content\\\/uploads\\\/2023\\\/08\\\/sport6.jpg&quot;,&quot;w&quot;:1409,&quot;h&quot;:966},{&quot;src&quot;:&quot;https:\\\/\\\/caravan4u.ee\\\/wp-content\\\/uploads\\\/2023\\\/08\\\/sport7.jpg&quot;,&quot;w&quot;:1407,&quot;h&quot;:969},{&quot;src&quot;:&quot;https:\\\/\\\/caravan4u.ee\\\/wp-content\\\/uploads\\\/2023\\\/08\\\/sport8.jpg&quot;,&quot;w&quot;:960,&quot;h&quot;:640}]}\"><div class=\"c-instagram__wrap\"><div class=\"c-instagram__item\"><a data-index=\"0\" href=\"\" download onclick=\"return false;\" class=\"c-instagram__item_wrap js-image-list-2-zoom\"><img decoding=\"async\" class=\"lazyload\" data-srcset=\"https:\/\/caravan4u.ee\/wp-content\/uploads\/2023\/08\/sport2-720x600.png 720w, https:\/\/caravan4u.ee\/wp-content\/uploads\/2023\/08\/sport2-360x300.png 360w\" data-src=\"https:\/\/caravan4u.ee\/wp-content\/uploads\/2023\/08\/sport2-720x600.png\" src=\"data:image\/gif;base64,R0lGODlhAQABAAD\/ACwAAAAAAQABAAACADs%3D\" alt=\"sport2\" title=\"sport2\"><span class=\"c-instagram__item_loading\"><\/span><\/a><\/div><div class=\"c-instagram__item\"><a data-index=\"1\" href=\"\" download onclick=\"return false;\" class=\"c-instagram__item_wrap js-image-list-2-zoom\"><img decoding=\"async\" class=\"lazyload\" data-srcset=\"https:\/\/caravan4u.ee\/wp-content\/uploads\/2023\/08\/sport4-720x600.png 720w, https:\/\/caravan4u.ee\/wp-content\/uploads\/2023\/08\/sport4-360x300.png 360w\" data-src=\"https:\/\/caravan4u.ee\/wp-content\/uploads\/2023\/08\/sport4-720x600.png\" src=\"data:image\/gif;base64,R0lGODlhAQABAAD\/ACwAAAAAAQABAAACADs%3D\" alt=\"sport4\" title=\"sport4\"><span class=\"c-instagram__item_loading\"><\/span><\/a><\/div><div class=\"c-instagram__item\"><a data-index=\"2\" href=\"\" download onclick=\"return false;\" class=\"c-instagram__item_wrap js-image-list-2-zoom\"><img decoding=\"async\" class=\"lazyload\" data-srcset=\"https:\/\/caravan4u.ee\/wp-content\/uploads\/2023\/08\/sport3-720x600.png 720w, https:\/\/caravan4u.ee\/wp-content\/uploads\/2023\/08\/sport3-360x300.png 360w\" data-src=\"https:\/\/caravan4u.ee\/wp-content\/uploads\/2023\/08\/sport3-720x600.png\" src=\"data:image\/gif;base64,R0lGODlhAQABAAD\/ACwAAAAAAQABAAACADs%3D\" alt=\"sport3\" title=\"sport3\"><span class=\"c-instagram__item_loading\"><\/span><\/a><\/div><div class=\"c-instagram__item\"><a data-index=\"3\" href=\"\" download onclick=\"return false;\" class=\"c-instagram__item_wrap js-image-list-2-zoom\"><img decoding=\"async\" class=\"lazyload\" data-srcset=\"https:\/\/caravan4u.ee\/wp-content\/uploads\/2023\/08\/sport5-720x600.jpg 720w, https:\/\/caravan4u.ee\/wp-content\/uploads\/2023\/08\/sport5-360x300.jpg 360w\" data-src=\"https:\/\/caravan4u.ee\/wp-content\/uploads\/2023\/08\/sport5-720x600.jpg\" src=\"data:image\/gif;base64,R0lGODlhAQABAAD\/ACwAAAAAAQABAAACADs%3D\" alt=\"sport5\" title=\"sport5\"><span class=\"c-instagram__item_loading\"><\/span><\/a><\/div><div class=\"c-instagram__item\"><a data-index=\"4\" href=\"\" download onclick=\"return false;\" class=\"c-instagram__item_wrap js-image-list-2-zoom\"><img decoding=\"async\" class=\"lazyload\" data-srcset=\"https:\/\/caravan4u.ee\/wp-content\/uploads\/2023\/08\/sport6-720x600.jpg 720w, https:\/\/caravan4u.ee\/wp-content\/uploads\/2023\/08\/sport6-360x300.jpg 360w\" data-src=\"https:\/\/caravan4u.ee\/wp-content\/uploads\/2023\/08\/sport6-720x600.jpg\" src=\"data:image\/gif;base64,R0lGODlhAQABAAD\/ACwAAAAAAQABAAACADs%3D\" alt=\"RULOOD\" title=\"sport6\"><span class=\"c-instagram__item_loading\"><\/span><\/a><\/div><div class=\"c-instagram__item\"><a data-index=\"5\" href=\"\" download onclick=\"return false;\" class=\"c-instagram__item_wrap js-image-list-2-zoom\"><img decoding=\"async\" class=\"lazyload\" data-srcset=\"https:\/\/caravan4u.ee\/wp-content\/uploads\/2023\/08\/sport7-720x600.jpg 720w, https:\/\/caravan4u.ee\/wp-content\/uploads\/2023\/08\/sport7-360x300.jpg 360w\" data-src=\"https:\/\/caravan4u.ee\/wp-content\/uploads\/2023\/08\/sport7-720x600.jpg\" src=\"data:image\/gif;base64,R0lGODlhAQABAAD\/ACwAAAAAAQABAAACADs%3D\" alt=\"sport7\" title=\"sport7\"><span class=\"c-instagram__item_loading\"><\/span><\/a><\/div><div class=\"c-instagram__item\"><a data-index=\"6\" href=\"\" download onclick=\"return false;\" class=\"c-instagram__item_wrap js-image-list-2-zoom\"><img decoding=\"async\" class=\"lazyload\" data-srcset=\"https:\/\/caravan4u.ee\/wp-content\/uploads\/2023\/08\/sport8-720x600.jpg 720w, https:\/\/caravan4u.ee\/wp-content\/uploads\/2023\/08\/sport8-360x300.jpg 360w\" data-src=\"https:\/\/caravan4u.ee\/wp-content\/uploads\/2023\/08\/sport8-720x600.jpg\" src=\"data:image\/gif;base64,R0lGODlhAQABAAD\/ACwAAAAAAQABAAACADs%3D\" alt=\"sport8\" title=\"sport8\"><span class=\"c-instagram__item_loading\"><\/span><\/a><\/div><\/div><\/div>\t\t\t\t<\/div>\n\t\t\t\t<\/div>\n\t\t\t\t<div class=\"elementor-element elementor-element-2e357ef elementor-button-success elementor-align-center elementor-widget elementor-widget-button\" data-id=\"2e357ef\" data-element_type=\"widget\" data-e-type=\"widget\" data-widget_type=\"button.default\">\n\t\t\t\t<div class=\"elementor-widget-container\">\n\t\t\t\t\t\t\t\t\t<div class=\"elementor-button-wrapper\">\n\t\t\t\t\t<a class=\"elementor-button elementor-button-link elementor-size-md\" href=\"https:\/\/caravan4u.ee\/ru\/%d0%ba%d0%be%d0%bd%d1%82%d0%b0%d0%ba%d1%82%d1%8b\/\">\n\t\t\t\t\t\t<span class=\"elementor-button-content-wrapper\">\n\t\t\t\t\t\t\t\t\t<span class=\"elementor-button-text\">\u0421\u0412\u042f\u0416\u0418\u0422\u0415\u0421\u042c \u0421 \u041d\u0410\u041c\u0418<\/span>\n\t\t\t\t\t<\/span>\n\t\t\t\t\t<\/a>\n\t\t\t\t<\/div>\n\t\t\t\t\t\t\t\t<\/div>\n\t\t\t\t<\/div>\n\t\t\t\t\t<\/div>\n\t\t<\/div>\n\t\t\t\t\t<\/div>\n\t\t<\/section>\n\t\t\t\t<\/div>\n\t\t","protected":false},"excerpt":{"rendered":"<p>\u0422\u0438\u043f: N-Cross Sport NTL \u041e\u0431\u0449\u0430\u044f \u043c\u0430\u0441\u0441\u0430: 850 \u043a\u0433 \u0413\u0440\u0443\u0437\u043e\u043f\u043e\u0434\u044a\u0435\u043c\u043d\u043e\u0441\u0442\u044c: 105 \u043a\u0433 \u0412\u043d\u0443\u0442\u0440\u0435\u043d\u043d\u0438\u0435 \u0440\u0430\u0437\u043c\u0435\u0440\u044b: \u0414\u043b\u0438\u043d\u0430: 295&hellip;<\/p>\n","protected":false},"author":3,"featured_media":0,"parent":0,"menu_order":0,"comment_status":"closed","ping_status":"closed","template":"","meta":{"_monsterinsights_skip_tracking":false,"_monsterinsights_sitenote_active":false,"_monsterinsights_sitenote_note":"","_monsterinsights_sitenote_category":0,"footnotes":""},"class_list":["post-2603","page","type-page","status-publish","hentry"],"yoast_head":"<!-- This site is optimized with the Yoast SEO plugin v27.4 - https:\/\/yoast.com\/product\/yoast-seo-wordpress\/ -->\n<title>Sport haagissuvila<\/title>\n<meta name=\"description\" content=\"Caravan4U on Niewiadow haagissuvilate ja lisavarustuse ametlik m\u00fc\u00fcja eestis. Pakume m\u00fc\u00fcgiks 2-4 kohalisi rikkaliku varustusega ja hea hinnaga haagissuvilaid.\" \/>\n<meta name=\"robots\" content=\"index, follow, max-snippet:-1, max-image-preview:large, max-video-preview:-1\" \/>\n<link rel=\"canonical\" href=\"https:\/\/caravan4u.ee\/ru\/sport\/\" \/>\n<meta property=\"og:locale\" content=\"ru_RU\" \/>\n<meta property=\"og:type\" content=\"article\" \/>\n<meta property=\"og:title\" content=\"Sport haagissuvila\" \/>\n<meta property=\"og:description\" content=\"Caravan4U on Niewiadow haagissuvilate ja lisavarustuse ametlik m\u00fc\u00fcja eestis. Pakume m\u00fc\u00fcgiks 2-4 kohalisi rikkaliku varustusega ja hea hinnaga haagissuvilaid.\" \/>\n<meta property=\"og:url\" content=\"https:\/\/caravan4u.ee\/ru\/sport\/\" \/>\n<meta property=\"og:site_name\" content=\"Caravan4u.ee\" \/>\n<meta property=\"article:publisher\" content=\"https:\/\/www.facebook.com\/Haagisuvilarent\" \/>\n<meta property=\"article:modified_time\" content=\"2023-11-15T15:48:03+00:00\" \/>\n<meta property=\"og:image\" content=\"https:\/\/caravan4u.ee\/wp-content\/uploads\/2023\/08\/sport2-720x600.png\" \/>\n<meta name=\"twitter:card\" content=\"summary_large_image\" \/>\n<script type=\"application\/ld+json\" class=\"yoast-schema-graph\">{\"@context\":\"https:\\\/\\\/schema.org\",\"@graph\":[{\"@type\":\"WebPage\",\"@id\":\"https:\\\/\\\/caravan4u.ee\\\/ru\\\/sport\\\/\",\"url\":\"https:\\\/\\\/caravan4u.ee\\\/ru\\\/sport\\\/\",\"name\":\"Sport haagissuvila\",\"isPartOf\":{\"@id\":\"https:\\\/\\\/caravan4u.ee\\\/ru\\\/#website\"},\"primaryImageOfPage\":{\"@id\":\"https:\\\/\\\/caravan4u.ee\\\/ru\\\/sport\\\/#primaryimage\"},\"image\":{\"@id\":\"https:\\\/\\\/caravan4u.ee\\\/ru\\\/sport\\\/#primaryimage\"},\"thumbnailUrl\":\"https:\\\/\\\/caravan4u.ee\\\/wp-content\\\/uploads\\\/2023\\\/08\\\/sport2-720x600.png\",\"datePublished\":\"2023-08-04T15:11:12+00:00\",\"dateModified\":\"2023-11-15T15:48:03+00:00\",\"description\":\"Caravan4U on Niewiadow haagissuvilate ja lisavarustuse ametlik m\u00fc\u00fcja eestis. Pakume m\u00fc\u00fcgiks 2-4 kohalisi rikkaliku varustusega ja hea hinnaga haagissuvilaid.\",\"breadcrumb\":{\"@id\":\"https:\\\/\\\/caravan4u.ee\\\/ru\\\/sport\\\/#breadcrumb\"},\"inLanguage\":\"ru-RU\",\"potentialAction\":[{\"@type\":\"ReadAction\",\"target\":[\"https:\\\/\\\/caravan4u.ee\\\/ru\\\/sport\\\/\"]}]},{\"@type\":\"ImageObject\",\"inLanguage\":\"ru-RU\",\"@id\":\"https:\\\/\\\/caravan4u.ee\\\/ru\\\/sport\\\/#primaryimage\",\"url\":\"https:\\\/\\\/caravan4u.ee\\\/wp-content\\\/uploads\\\/2023\\\/08\\\/sport2-720x600.png\",\"contentUrl\":\"https:\\\/\\\/caravan4u.ee\\\/wp-content\\\/uploads\\\/2023\\\/08\\\/sport2-720x600.png\"},{\"@type\":\"BreadcrumbList\",\"@id\":\"https:\\\/\\\/caravan4u.ee\\\/ru\\\/sport\\\/#breadcrumb\",\"itemListElement\":[{\"@type\":\"ListItem\",\"position\":1,\"name\":\"Home\",\"item\":\"https:\\\/\\\/caravan4u.ee\\\/ru\\\/\"},{\"@type\":\"ListItem\",\"position\":2,\"name\":\"Sport\"}]},{\"@type\":\"WebSite\",\"@id\":\"https:\\\/\\\/caravan4u.ee\\\/ru\\\/#website\",\"url\":\"https:\\\/\\\/caravan4u.ee\\\/ru\\\/\",\"name\":\"Caravan4u.ee\",\"description\":\"haagissuvilate m\u00fc\u00fck ja hooldus\",\"publisher\":{\"@id\":\"https:\\\/\\\/caravan4u.ee\\\/ru\\\/#organization\"},\"potentialAction\":[{\"@type\":\"SearchAction\",\"target\":{\"@type\":\"EntryPoint\",\"urlTemplate\":\"https:\\\/\\\/caravan4u.ee\\\/ru\\\/?s={search_term_string}\"},\"query-input\":{\"@type\":\"PropertyValueSpecification\",\"valueRequired\":true,\"valueName\":\"search_term_string\"}}],\"inLanguage\":\"ru-RU\"},{\"@type\":\"Organization\",\"@id\":\"https:\\\/\\\/caravan4u.ee\\\/ru\\\/#organization\",\"name\":\"Caravan4u.ee\",\"url\":\"https:\\\/\\\/caravan4u.ee\\\/ru\\\/\",\"logo\":{\"@type\":\"ImageObject\",\"inLanguage\":\"ru-RU\",\"@id\":\"https:\\\/\\\/caravan4u.ee\\\/ru\\\/#\\\/schema\\\/logo\\\/image\\\/\",\"url\":\"https:\\\/\\\/caravan4u.ee\\\/wp-content\\\/uploads\\\/2020\\\/04\\\/aucapina-0903591607-svg-5.png\",\"contentUrl\":\"https:\\\/\\\/caravan4u.ee\\\/wp-content\\\/uploads\\\/2020\\\/04\\\/aucapina-0903591607-svg-5.png\",\"width\":236,\"height\":51,\"caption\":\"Caravan4u.ee\"},\"image\":{\"@id\":\"https:\\\/\\\/caravan4u.ee\\\/ru\\\/#\\\/schema\\\/logo\\\/image\\\/\"},\"sameAs\":[\"https:\\\/\\\/www.facebook.com\\\/Haagisuvilarent\"]}]}<\/script>\n<!-- \/ Yoast SEO plugin. -->","yoast_head_json":{"title":"Sport haagissuvila","description":"Caravan4U on Niewiadow haagissuvilate ja lisavarustuse ametlik m\u00fc\u00fcja eestis. Pakume m\u00fc\u00fcgiks 2-4 kohalisi rikkaliku varustusega ja hea hinnaga haagissuvilaid.","robots":{"index":"index","follow":"follow","max-snippet":"max-snippet:-1","max-image-preview":"max-image-preview:large","max-video-preview":"max-video-preview:-1"},"canonical":"https:\/\/caravan4u.ee\/ru\/sport\/","og_locale":"ru_RU","og_type":"article","og_title":"Sport haagissuvila","og_description":"Caravan4U on Niewiadow haagissuvilate ja lisavarustuse ametlik m\u00fc\u00fcja eestis. Pakume m\u00fc\u00fcgiks 2-4 kohalisi rikkaliku varustusega ja hea hinnaga haagissuvilaid.","og_url":"https:\/\/caravan4u.ee\/ru\/sport\/","og_site_name":"Caravan4u.ee","article_publisher":"https:\/\/www.facebook.com\/Haagisuvilarent","article_modified_time":"2023-11-15T15:48:03+00:00","og_image":[{"url":"https:\/\/caravan4u.ee\/wp-content\/uploads\/2023\/08\/sport2-720x600.png","type":"","width":"","height":""}],"twitter_card":"summary_large_image","schema":{"@context":"https:\/\/schema.org","@graph":[{"@type":"WebPage","@id":"https:\/\/caravan4u.ee\/ru\/sport\/","url":"https:\/\/caravan4u.ee\/ru\/sport\/","name":"Sport haagissuvila","isPartOf":{"@id":"https:\/\/caravan4u.ee\/ru\/#website"},"primaryImageOfPage":{"@id":"https:\/\/caravan4u.ee\/ru\/sport\/#primaryimage"},"image":{"@id":"https:\/\/caravan4u.ee\/ru\/sport\/#primaryimage"},"thumbnailUrl":"https:\/\/caravan4u.ee\/wp-content\/uploads\/2023\/08\/sport2-720x600.png","datePublished":"2023-08-04T15:11:12+00:00","dateModified":"2023-11-15T15:48:03+00:00","description":"Caravan4U on Niewiadow haagissuvilate ja lisavarustuse ametlik m\u00fc\u00fcja eestis. Pakume m\u00fc\u00fcgiks 2-4 kohalisi rikkaliku varustusega ja hea hinnaga haagissuvilaid.","breadcrumb":{"@id":"https:\/\/caravan4u.ee\/ru\/sport\/#breadcrumb"},"inLanguage":"ru-RU","potentialAction":[{"@type":"ReadAction","target":["https:\/\/caravan4u.ee\/ru\/sport\/"]}]},{"@type":"ImageObject","inLanguage":"ru-RU","@id":"https:\/\/caravan4u.ee\/ru\/sport\/#primaryimage","url":"https:\/\/caravan4u.ee\/wp-content\/uploads\/2023\/08\/sport2-720x600.png","contentUrl":"https:\/\/caravan4u.ee\/wp-content\/uploads\/2023\/08\/sport2-720x600.png"},{"@type":"BreadcrumbList","@id":"https:\/\/caravan4u.ee\/ru\/sport\/#breadcrumb","itemListElement":[{"@type":"ListItem","position":1,"name":"Home","item":"https:\/\/caravan4u.ee\/ru\/"},{"@type":"ListItem","position":2,"name":"Sport"}]},{"@type":"WebSite","@id":"https:\/\/caravan4u.ee\/ru\/#website","url":"https:\/\/caravan4u.ee\/ru\/","name":"Caravan4u.ee","description":"haagissuvilate m\u00fc\u00fck ja hooldus","publisher":{"@id":"https:\/\/caravan4u.ee\/ru\/#organization"},"potentialAction":[{"@type":"SearchAction","target":{"@type":"EntryPoint","urlTemplate":"https:\/\/caravan4u.ee\/ru\/?s={search_term_string}"},"query-input":{"@type":"PropertyValueSpecification","valueRequired":true,"valueName":"search_term_string"}}],"inLanguage":"ru-RU"},{"@type":"Organization","@id":"https:\/\/caravan4u.ee\/ru\/#organization","name":"Caravan4u.ee","url":"https:\/\/caravan4u.ee\/ru\/","logo":{"@type":"ImageObject","inLanguage":"ru-RU","@id":"https:\/\/caravan4u.ee\/ru\/#\/schema\/logo\/image\/","url":"https:\/\/caravan4u.ee\/wp-content\/uploads\/2020\/04\/aucapina-0903591607-svg-5.png","contentUrl":"https:\/\/caravan4u.ee\/wp-content\/uploads\/2020\/04\/aucapina-0903591607-svg-5.png","width":236,"height":51,"caption":"Caravan4u.ee"},"image":{"@id":"https:\/\/caravan4u.ee\/ru\/#\/schema\/logo\/image\/"},"sameAs":["https:\/\/www.facebook.com\/Haagisuvilarent"]}]}},"_links":{"self":[{"href":"https:\/\/caravan4u.ee\/ru\/wp-json\/wp\/v2\/pages\/2603","targetHints":{"allow":["GET"]}}],"collection":[{"href":"https:\/\/caravan4u.ee\/ru\/wp-json\/wp\/v2\/pages"}],"about":[{"href":"https:\/\/caravan4u.ee\/ru\/wp-json\/wp\/v2\/types\/page"}],"author":[{"embeddable":true,"href":"https:\/\/caravan4u.ee\/ru\/wp-json\/wp\/v2\/users\/3"}],"replies":[{"embeddable":true,"href":"https:\/\/caravan4u.ee\/ru\/wp-json\/wp\/v2\/comments?post=2603"}],"version-history":[{"count":4,"href":"https:\/\/caravan4u.ee\/ru\/wp-json\/wp\/v2\/pages\/2603\/revisions"}],"predecessor-version":[{"id":3127,"href":"https:\/\/caravan4u.ee\/ru\/wp-json\/wp\/v2\/pages\/2603\/revisions\/3127"}],"wp:attachment":[{"href":"https:\/\/caravan4u.ee\/ru\/wp-json\/wp\/v2\/media?parent=2603"}],"curies":[{"name":"wp","href":"https:\/\/api.w.org\/{rel}","templated":true}]}}