{"id":2607,"date":"2023-08-03T15:33:44","date_gmt":"2023-08-03T15:33:44","guid":{"rendered":"https:\/\/caravan4u.ee\/%d1%81%d1%82%d1%80%d1%83%d0%ba%d1%82%d1%83%d1%80%d0%b0\/"},"modified":"2023-11-15T15:27:22","modified_gmt":"2023-11-15T15:27:22","slug":"%d1%81%d1%82%d1%80%d1%83%d0%ba%d1%82%d1%83%d1%80%d0%b0","status":"publish","type":"page","link":"https:\/\/caravan4u.ee\/ru\/%d1%81%d1%82%d1%80%d1%83%d0%ba%d1%82%d1%83%d1%80%d0%b0\/","title":{"rendered":"Struktuur"},"content":{"rendered":"\t\t<div data-elementor-type=\"wp-page\" data-elementor-id=\"2607\" class=\"elementor elementor-2607 elementor-1758\">\n\t\t\t\t\t\t<section class=\"elementor-section elementor-top-section elementor-element elementor-element-c72f974 elementor-section-boxed elementor-section-height-default elementor-section-height-default\" data-id=\"c72f974\" data-element_type=\"section\" data-e-type=\"section\">\n\t\t\t\t\t\t<div class=\"elementor-container elementor-column-gap-default\">\n\t\t\t\t\t<div class=\"elementor-column elementor-col-100 elementor-top-column elementor-element elementor-element-5e2ed14\" data-id=\"5e2ed14\" data-element_type=\"column\" data-e-type=\"column\">\n\t\t\t<div class=\"elementor-widget-wrap elementor-element-populated\">\n\t\t\t\t\t\t<div class=\"elementor-element elementor-element-49ad89d elementor-widget elementor-widget-heading\" data-id=\"49ad89d\" data-element_type=\"widget\" data-e-type=\"widget\" data-widget_type=\"heading.default\">\n\t\t\t\t<div class=\"elementor-widget-container\">\n\t\t\t\t\t<h2 class=\"elementor-heading-title elementor-size-default\">\u041a\u0430\u043a\u043e\u0439 \u043a\u0443\u0437\u043e\u0432 \u043a\u0430\u0440\u0430\u0432\u0430\u043d\u0430 \u0432\u044b \u0445\u043e\u0442\u0438\u0442\u0435?<\/h2>\t\t\t\t<\/div>\n\t\t\t\t<\/div>\n\t\t\t\t<section class=\"elementor-section elementor-inner-section elementor-element elementor-element-e6e115d elementor-section-boxed elementor-section-height-default elementor-section-height-default\" data-id=\"e6e115d\" data-element_type=\"section\" data-e-type=\"section\">\n\t\t\t\t\t\t<div class=\"elementor-container elementor-column-gap-default\">\n\t\t\t\t\t<div class=\"elementor-column elementor-col-50 elementor-inner-column elementor-element elementor-element-af06420\" data-id=\"af06420\" data-element_type=\"column\" data-e-type=\"column\">\n\t\t\t<div class=\"elementor-widget-wrap elementor-element-populated\">\n\t\t\t\t\t\t<div class=\"elementor-element elementor-element-465b0b7 elementor-widget elementor-widget-heading\" data-id=\"465b0b7\" data-element_type=\"widget\" data-e-type=\"widget\" data-widget_type=\"heading.default\">\n\t\t\t\t<div class=\"elementor-widget-container\">\n\t\t\t\t\t<h2 class=\"elementor-heading-title elementor-size-default\"><a href=\"https:\/\/caravan4u.ee\/ru\/\u0444\u0438\u0431\u0435\u0440\u0433\u043b\u0430\u0441\u0441\">TOMPLAN<\/a><\/h2>\t\t\t\t<\/div>\n\t\t\t\t<\/div>\n\t\t\t\t\t<\/div>\n\t\t<\/div>\n\t\t\t\t<div class=\"elementor-column elementor-col-50 elementor-inner-column elementor-element elementor-element-3021dcf\" data-id=\"3021dcf\" data-element_type=\"column\" data-e-type=\"column\">\n\t\t\t<div class=\"elementor-widget-wrap elementor-element-populated\">\n\t\t\t\t\t\t<div class=\"elementor-element elementor-element-1227a95 elementor-widget elementor-widget-image\" data-id=\"1227a95\" data-element_type=\"widget\" data-e-type=\"widget\" data-widget_type=\"image.default\">\n\t\t\t\t<div class=\"elementor-widget-container\">\n\t\t\t\t\t\t\t\t\t\t\t\t\t\t\t\t<a href=\"https:\/\/caravan4u.ee\/ru\/\u0444\u0438\u0431\u0435\u0440\u0433\u043b\u0430\u0441\u0441\">\n\t\t\t\t\t\t\t<img fetchpriority=\"high\" decoding=\"async\" width=\"1220\" height=\"915\" src=\"data:image\/gif;base64,R0lGODlhAQABAAD\/ACwAAAAAAQABAAACADs%3D\" data-src=\"https:\/\/caravan4u.ee\/wp-content\/uploads\/2023\/11\/TK-30-TL-750kg-44-scaled-1-1500x1125.jpg\" class=\"lazyload attachment-large size-large wp-image-2943\" alt=\"\" data-srcset=\"https:\/\/caravan4u.ee\/wp-content\/uploads\/2023\/11\/TK-30-TL-750kg-44-scaled-1-1500x1125.jpg 1500w, https:\/\/caravan4u.ee\/wp-content\/uploads\/2023\/11\/TK-30-TL-750kg-44-scaled-1-360x270.jpg 360w, https:\/\/caravan4u.ee\/wp-content\/uploads\/2023\/11\/TK-30-TL-750kg-44-scaled-1-750x563.jpg 750w, https:\/\/caravan4u.ee\/wp-content\/uploads\/2023\/11\/TK-30-TL-750kg-44-scaled-1-1536x1152.jpg 1536w, https:\/\/caravan4u.ee\/wp-content\/uploads\/2023\/11\/TK-30-TL-750kg-44-scaled-1-2048x1536.jpg 2048w, https:\/\/caravan4u.ee\/wp-content\/uploads\/2023\/11\/TK-30-TL-750kg-44-scaled-1-107x80.jpg 107w\" data-sizes=\"(max-width: 1220px) 100vw, 1220px\" \/>\t\t\t\t\t\t\t\t<\/a>\n\t\t\t\t\t\t\t\t\t\t\t\t\t\t\t<\/div>\n\t\t\t\t<\/div>\n\t\t\t\t\t<\/div>\n\t\t<\/div>\n\t\t\t\t\t<\/div>\n\t\t<\/section>\n\t\t\t\t<section class=\"elementor-section elementor-inner-section elementor-element elementor-element-fdc2a08 elementor-section-boxed elementor-section-height-default elementor-section-height-default\" data-id=\"fdc2a08\" data-element_type=\"section\" data-e-type=\"section\">\n\t\t\t\t\t\t<div class=\"elementor-container elementor-column-gap-default\">\n\t\t\t\t\t<div class=\"elementor-column elementor-col-50 elementor-inner-column elementor-element elementor-element-f010807\" data-id=\"f010807\" data-element_type=\"column\" data-e-type=\"column\">\n\t\t\t<div class=\"elementor-widget-wrap elementor-element-populated\">\n\t\t\t\t\t\t<div class=\"elementor-element elementor-element-8f0b565 elementor-widget elementor-widget-heading\" data-id=\"8f0b565\" data-element_type=\"widget\" data-e-type=\"widget\" data-widget_type=\"heading.default\">\n\t\t\t\t<div class=\"elementor-widget-container\">\n\t\t\t\t\t<h2 class=\"elementor-heading-title elementor-size-default\"><a href=\"https:\/\/caravan4u.ee\/ru\/sandwich\/\">NIEWIADOW<\/a><\/h2>\t\t\t\t<\/div>\n\t\t\t\t<\/div>\n\t\t\t\t\t<\/div>\n\t\t<\/div>\n\t\t\t\t<div class=\"elementor-column elementor-col-50 elementor-inner-column elementor-element elementor-element-e0b3c1d\" data-id=\"e0b3c1d\" data-element_type=\"column\" data-e-type=\"column\">\n\t\t\t<div class=\"elementor-widget-wrap elementor-element-populated\">\n\t\t\t\t\t\t<div class=\"elementor-element elementor-element-9178351 elementor-widget elementor-widget-image\" data-id=\"9178351\" data-element_type=\"widget\" data-e-type=\"widget\" data-widget_type=\"image.default\">\n\t\t\t\t<div class=\"elementor-widget-container\">\n\t\t\t\t\t\t\t\t\t\t\t\t\t\t\t\t<a href=\"https:\/\/caravan4u.ee\/ru\/sandwich\/\">\n\t\t\t\t\t\t\t<img decoding=\"async\" width=\"960\" height=\"640\" src=\"data:image\/gif;base64,R0lGODlhAQABAAD\/ACwAAAAAAQABAAACADs%3D\" data-src=\"https:\/\/caravan4u.ee\/wp-content\/uploads\/2023\/08\/sandwich.png\" class=\"lazyload attachment-large size-large wp-image-2402\" alt=\"\" data-srcset=\"https:\/\/caravan4u.ee\/wp-content\/uploads\/2023\/08\/sandwich.png 960w, https:\/\/caravan4u.ee\/wp-content\/uploads\/2023\/08\/sandwich-360x240.png 360w, https:\/\/caravan4u.ee\/wp-content\/uploads\/2023\/08\/sandwich-750x500.png 750w, https:\/\/caravan4u.ee\/wp-content\/uploads\/2023\/08\/sandwich-120x80.png 120w\" data-sizes=\"(max-width: 960px) 100vw, 960px\" \/>\t\t\t\t\t\t\t\t<\/a>\n\t\t\t\t\t\t\t\t\t\t\t\t\t\t\t<\/div>\n\t\t\t\t<\/div>\n\t\t\t\t\t<\/div>\n\t\t<\/div>\n\t\t\t\t\t<\/div>\n\t\t<\/section>\n\t\t\t\t\t<\/div>\n\t\t<\/div>\n\t\t\t\t\t<\/div>\n\t\t<\/section>\n\t\t\t\t<\/div>\n\t\t","protected":false},"excerpt":{"rendered":"<p>\u041a\u0430\u043a\u043e\u0439 \u043a\u0443\u0437\u043e\u0432 \u043a\u0430\u0440\u0430\u0432\u0430\u043d\u0430 \u0432\u044b \u0445\u043e\u0442\u0438\u0442\u0435? TOMPLAN NIEWIADOW<\/p>\n","protected":false},"author":3,"featured_media":0,"parent":0,"menu_order":0,"comment_status":"closed","ping_status":"closed","template":"","meta":{"_monsterinsights_skip_tracking":false,"_monsterinsights_sitenote_active":false,"_monsterinsights_sitenote_note":"","_monsterinsights_sitenote_category":0,"footnotes":""},"class_list":["post-2607","page","type-page","status-publish","hentry"],"yoast_head":"<!-- This site is optimized with the Yoast SEO plugin v27.4 - https:\/\/yoast.com\/product\/yoast-seo-wordpress\/ -->\n<title>Struktuur - Caravan4u.ee<\/title>\n<meta name=\"description\" content=\"Caravan4U on Niewiadow haagissuvilate ja lisavarustuse ametlik m\u00fc\u00fcja eestis. Pakume m\u00fc\u00fcgiks 2-4 kohalisi rikkaliku varustusega ja hea hinnaga haagissuvilaid.\" \/>\n<meta name=\"robots\" content=\"index, follow, max-snippet:-1, max-image-preview:large, max-video-preview:-1\" \/>\n<link rel=\"canonical\" href=\"https:\/\/caravan4u.ee\/ru\/%d1%81%d1%82%d1%80%d1%83%d0%ba%d1%82%d1%83%d1%80%d0%b0\/\" \/>\n<meta property=\"og:locale\" content=\"ru_RU\" \/>\n<meta property=\"og:type\" content=\"article\" \/>\n<meta property=\"og:title\" content=\"Struktuur - Caravan4u.ee\" \/>\n<meta property=\"og:description\" content=\"Caravan4U on Niewiadow haagissuvilate ja lisavarustuse ametlik m\u00fc\u00fcja eestis. Pakume m\u00fc\u00fcgiks 2-4 kohalisi rikkaliku varustusega ja hea hinnaga haagissuvilaid.\" \/>\n<meta property=\"og:url\" content=\"https:\/\/caravan4u.ee\/ru\/%d1%81%d1%82%d1%80%d1%83%d0%ba%d1%82%d1%83%d1%80%d0%b0\/\" \/>\n<meta property=\"og:site_name\" content=\"Caravan4u.ee\" \/>\n<meta property=\"article:publisher\" content=\"https:\/\/www.facebook.com\/Haagisuvilarent\" \/>\n<meta property=\"article:modified_time\" content=\"2023-11-15T15:27:22+00:00\" \/>\n<meta property=\"og:image\" content=\"https:\/\/caravan4u.ee\/wp-content\/uploads\/2023\/11\/TK-30-TL-750kg-44-scaled-1-1500x1125.jpg\" \/>\n<meta name=\"twitter:card\" content=\"summary_large_image\" \/>\n<meta name=\"twitter:label1\" content=\"\u041f\u0440\u0438\u043c\u0435\u0440\u043d\u043e\u0435 \u0432\u0440\u0435\u043c\u044f \u0434\u043b\u044f \u0447\u0442\u0435\u043d\u0438\u044f\" \/>\n\t<meta name=\"twitter:data1\" content=\"1 \u043c\u0438\u043d\u0443\u0442\u0430\" \/>\n<script type=\"application\/ld+json\" class=\"yoast-schema-graph\">{\"@context\":\"https:\\\/\\\/schema.org\",\"@graph\":[{\"@type\":\"WebPage\",\"@id\":\"https:\\\/\\\/caravan4u.ee\\\/ru\\\/%d1%81%d1%82%d1%80%d1%83%d0%ba%d1%82%d1%83%d1%80%d0%b0\\\/\",\"url\":\"https:\\\/\\\/caravan4u.ee\\\/ru\\\/%d1%81%d1%82%d1%80%d1%83%d0%ba%d1%82%d1%83%d1%80%d0%b0\\\/\",\"name\":\"Struktuur - Caravan4u.ee\",\"isPartOf\":{\"@id\":\"https:\\\/\\\/caravan4u.ee\\\/ru\\\/#website\"},\"primaryImageOfPage\":{\"@id\":\"https:\\\/\\\/caravan4u.ee\\\/ru\\\/%d1%81%d1%82%d1%80%d1%83%d0%ba%d1%82%d1%83%d1%80%d0%b0\\\/#primaryimage\"},\"image\":{\"@id\":\"https:\\\/\\\/caravan4u.ee\\\/ru\\\/%d1%81%d1%82%d1%80%d1%83%d0%ba%d1%82%d1%83%d1%80%d0%b0\\\/#primaryimage\"},\"thumbnailUrl\":\"https:\\\/\\\/caravan4u.ee\\\/wp-content\\\/uploads\\\/2023\\\/11\\\/TK-30-TL-750kg-44-scaled-1-1500x1125.jpg\",\"datePublished\":\"2023-08-03T15:33:44+00:00\",\"dateModified\":\"2023-11-15T15:27:22+00:00\",\"description\":\"Caravan4U on Niewiadow haagissuvilate ja lisavarustuse ametlik m\u00fc\u00fcja eestis. Pakume m\u00fc\u00fcgiks 2-4 kohalisi rikkaliku varustusega ja hea hinnaga haagissuvilaid.\",\"breadcrumb\":{\"@id\":\"https:\\\/\\\/caravan4u.ee\\\/ru\\\/%d1%81%d1%82%d1%80%d1%83%d0%ba%d1%82%d1%83%d1%80%d0%b0\\\/#breadcrumb\"},\"inLanguage\":\"ru-RU\",\"potentialAction\":[{\"@type\":\"ReadAction\",\"target\":[\"https:\\\/\\\/caravan4u.ee\\\/ru\\\/%d1%81%d1%82%d1%80%d1%83%d0%ba%d1%82%d1%83%d1%80%d0%b0\\\/\"]}]},{\"@type\":\"ImageObject\",\"inLanguage\":\"ru-RU\",\"@id\":\"https:\\\/\\\/caravan4u.ee\\\/ru\\\/%d1%81%d1%82%d1%80%d1%83%d0%ba%d1%82%d1%83%d1%80%d0%b0\\\/#primaryimage\",\"url\":\"https:\\\/\\\/caravan4u.ee\\\/wp-content\\\/uploads\\\/2023\\\/11\\\/TK-30-TL-750kg-44-scaled-1-1500x1125.jpg\",\"contentUrl\":\"https:\\\/\\\/caravan4u.ee\\\/wp-content\\\/uploads\\\/2023\\\/11\\\/TK-30-TL-750kg-44-scaled-1-1500x1125.jpg\"},{\"@type\":\"BreadcrumbList\",\"@id\":\"https:\\\/\\\/caravan4u.ee\\\/ru\\\/%d1%81%d1%82%d1%80%d1%83%d0%ba%d1%82%d1%83%d1%80%d0%b0\\\/#breadcrumb\",\"itemListElement\":[{\"@type\":\"ListItem\",\"position\":1,\"name\":\"Home\",\"item\":\"https:\\\/\\\/caravan4u.ee\\\/ru\\\/\"},{\"@type\":\"ListItem\",\"position\":2,\"name\":\"Struktuur\"}]},{\"@type\":\"WebSite\",\"@id\":\"https:\\\/\\\/caravan4u.ee\\\/ru\\\/#website\",\"url\":\"https:\\\/\\\/caravan4u.ee\\\/ru\\\/\",\"name\":\"Caravan4u.ee\",\"description\":\"haagissuvilate m\u00fc\u00fck ja hooldus\",\"publisher\":{\"@id\":\"https:\\\/\\\/caravan4u.ee\\\/ru\\\/#organization\"},\"potentialAction\":[{\"@type\":\"SearchAction\",\"target\":{\"@type\":\"EntryPoint\",\"urlTemplate\":\"https:\\\/\\\/caravan4u.ee\\\/ru\\\/?s={search_term_string}\"},\"query-input\":{\"@type\":\"PropertyValueSpecification\",\"valueRequired\":true,\"valueName\":\"search_term_string\"}}],\"inLanguage\":\"ru-RU\"},{\"@type\":\"Organization\",\"@id\":\"https:\\\/\\\/caravan4u.ee\\\/ru\\\/#organization\",\"name\":\"Caravan4u.ee\",\"url\":\"https:\\\/\\\/caravan4u.ee\\\/ru\\\/\",\"logo\":{\"@type\":\"ImageObject\",\"inLanguage\":\"ru-RU\",\"@id\":\"https:\\\/\\\/caravan4u.ee\\\/ru\\\/#\\\/schema\\\/logo\\\/image\\\/\",\"url\":\"https:\\\/\\\/caravan4u.ee\\\/wp-content\\\/uploads\\\/2020\\\/04\\\/aucapina-0903591607-svg-5.png\",\"contentUrl\":\"https:\\\/\\\/caravan4u.ee\\\/wp-content\\\/uploads\\\/2020\\\/04\\\/aucapina-0903591607-svg-5.png\",\"width\":236,\"height\":51,\"caption\":\"Caravan4u.ee\"},\"image\":{\"@id\":\"https:\\\/\\\/caravan4u.ee\\\/ru\\\/#\\\/schema\\\/logo\\\/image\\\/\"},\"sameAs\":[\"https:\\\/\\\/www.facebook.com\\\/Haagisuvilarent\"]}]}<\/script>\n<!-- \/ Yoast SEO plugin. -->","yoast_head_json":{"title":"Struktuur - Caravan4u.ee","description":"Caravan4U on Niewiadow haagissuvilate ja lisavarustuse ametlik m\u00fc\u00fcja eestis. Pakume m\u00fc\u00fcgiks 2-4 kohalisi rikkaliku varustusega ja hea hinnaga haagissuvilaid.","robots":{"index":"index","follow":"follow","max-snippet":"max-snippet:-1","max-image-preview":"max-image-preview:large","max-video-preview":"max-video-preview:-1"},"canonical":"https:\/\/caravan4u.ee\/ru\/%d1%81%d1%82%d1%80%d1%83%d0%ba%d1%82%d1%83%d1%80%d0%b0\/","og_locale":"ru_RU","og_type":"article","og_title":"Struktuur - Caravan4u.ee","og_description":"Caravan4U on Niewiadow haagissuvilate ja lisavarustuse ametlik m\u00fc\u00fcja eestis. Pakume m\u00fc\u00fcgiks 2-4 kohalisi rikkaliku varustusega ja hea hinnaga haagissuvilaid.","og_url":"https:\/\/caravan4u.ee\/ru\/%d1%81%d1%82%d1%80%d1%83%d0%ba%d1%82%d1%83%d1%80%d0%b0\/","og_site_name":"Caravan4u.ee","article_publisher":"https:\/\/www.facebook.com\/Haagisuvilarent","article_modified_time":"2023-11-15T15:27:22+00:00","og_image":[{"url":"https:\/\/caravan4u.ee\/wp-content\/uploads\/2023\/11\/TK-30-TL-750kg-44-scaled-1-1500x1125.jpg","type":"","width":"","height":""}],"twitter_card":"summary_large_image","twitter_misc":{"\u041f\u0440\u0438\u043c\u0435\u0440\u043d\u043e\u0435 \u0432\u0440\u0435\u043c\u044f \u0434\u043b\u044f \u0447\u0442\u0435\u043d\u0438\u044f":"1 \u043c\u0438\u043d\u0443\u0442\u0430"},"schema":{"@context":"https:\/\/schema.org","@graph":[{"@type":"WebPage","@id":"https:\/\/caravan4u.ee\/ru\/%d1%81%d1%82%d1%80%d1%83%d0%ba%d1%82%d1%83%d1%80%d0%b0\/","url":"https:\/\/caravan4u.ee\/ru\/%d1%81%d1%82%d1%80%d1%83%d0%ba%d1%82%d1%83%d1%80%d0%b0\/","name":"Struktuur - Caravan4u.ee","isPartOf":{"@id":"https:\/\/caravan4u.ee\/ru\/#website"},"primaryImageOfPage":{"@id":"https:\/\/caravan4u.ee\/ru\/%d1%81%d1%82%d1%80%d1%83%d0%ba%d1%82%d1%83%d1%80%d0%b0\/#primaryimage"},"image":{"@id":"https:\/\/caravan4u.ee\/ru\/%d1%81%d1%82%d1%80%d1%83%d0%ba%d1%82%d1%83%d1%80%d0%b0\/#primaryimage"},"thumbnailUrl":"https:\/\/caravan4u.ee\/wp-content\/uploads\/2023\/11\/TK-30-TL-750kg-44-scaled-1-1500x1125.jpg","datePublished":"2023-08-03T15:33:44+00:00","dateModified":"2023-11-15T15:27:22+00:00","description":"Caravan4U on Niewiadow haagissuvilate ja lisavarustuse ametlik m\u00fc\u00fcja eestis. Pakume m\u00fc\u00fcgiks 2-4 kohalisi rikkaliku varustusega ja hea hinnaga haagissuvilaid.","breadcrumb":{"@id":"https:\/\/caravan4u.ee\/ru\/%d1%81%d1%82%d1%80%d1%83%d0%ba%d1%82%d1%83%d1%80%d0%b0\/#breadcrumb"},"inLanguage":"ru-RU","potentialAction":[{"@type":"ReadAction","target":["https:\/\/caravan4u.ee\/ru\/%d1%81%d1%82%d1%80%d1%83%d0%ba%d1%82%d1%83%d1%80%d0%b0\/"]}]},{"@type":"ImageObject","inLanguage":"ru-RU","@id":"https:\/\/caravan4u.ee\/ru\/%d1%81%d1%82%d1%80%d1%83%d0%ba%d1%82%d1%83%d1%80%d0%b0\/#primaryimage","url":"https:\/\/caravan4u.ee\/wp-content\/uploads\/2023\/11\/TK-30-TL-750kg-44-scaled-1-1500x1125.jpg","contentUrl":"https:\/\/caravan4u.ee\/wp-content\/uploads\/2023\/11\/TK-30-TL-750kg-44-scaled-1-1500x1125.jpg"},{"@type":"BreadcrumbList","@id":"https:\/\/caravan4u.ee\/ru\/%d1%81%d1%82%d1%80%d1%83%d0%ba%d1%82%d1%83%d1%80%d0%b0\/#breadcrumb","itemListElement":[{"@type":"ListItem","position":1,"name":"Home","item":"https:\/\/caravan4u.ee\/ru\/"},{"@type":"ListItem","position":2,"name":"Struktuur"}]},{"@type":"WebSite","@id":"https:\/\/caravan4u.ee\/ru\/#website","url":"https:\/\/caravan4u.ee\/ru\/","name":"Caravan4u.ee","description":"haagissuvilate m\u00fc\u00fck ja hooldus","publisher":{"@id":"https:\/\/caravan4u.ee\/ru\/#organization"},"potentialAction":[{"@type":"SearchAction","target":{"@type":"EntryPoint","urlTemplate":"https:\/\/caravan4u.ee\/ru\/?s={search_term_string}"},"query-input":{"@type":"PropertyValueSpecification","valueRequired":true,"valueName":"search_term_string"}}],"inLanguage":"ru-RU"},{"@type":"Organization","@id":"https:\/\/caravan4u.ee\/ru\/#organization","name":"Caravan4u.ee","url":"https:\/\/caravan4u.ee\/ru\/","logo":{"@type":"ImageObject","inLanguage":"ru-RU","@id":"https:\/\/caravan4u.ee\/ru\/#\/schema\/logo\/image\/","url":"https:\/\/caravan4u.ee\/wp-content\/uploads\/2020\/04\/aucapina-0903591607-svg-5.png","contentUrl":"https:\/\/caravan4u.ee\/wp-content\/uploads\/2020\/04\/aucapina-0903591607-svg-5.png","width":236,"height":51,"caption":"Caravan4u.ee"},"image":{"@id":"https:\/\/caravan4u.ee\/ru\/#\/schema\/logo\/image\/"},"sameAs":["https:\/\/www.facebook.com\/Haagisuvilarent"]}]}},"_links":{"self":[{"href":"https:\/\/caravan4u.ee\/ru\/wp-json\/wp\/v2\/pages\/2607","targetHints":{"allow":["GET"]}}],"collection":[{"href":"https:\/\/caravan4u.ee\/ru\/wp-json\/wp\/v2\/pages"}],"about":[{"href":"https:\/\/caravan4u.ee\/ru\/wp-json\/wp\/v2\/types\/page"}],"author":[{"embeddable":true,"href":"https:\/\/caravan4u.ee\/ru\/wp-json\/wp\/v2\/users\/3"}],"replies":[{"embeddable":true,"href":"https:\/\/caravan4u.ee\/ru\/wp-json\/wp\/v2\/comments?post=2607"}],"version-history":[{"count":5,"href":"https:\/\/caravan4u.ee\/ru\/wp-json\/wp\/v2\/pages\/2607\/revisions"}],"predecessor-version":[{"id":3098,"href":"https:\/\/caravan4u.ee\/ru\/wp-json\/wp\/v2\/pages\/2607\/revisions\/3098"}],"wp:attachment":[{"href":"https:\/\/caravan4u.ee\/ru\/wp-json\/wp\/v2\/media?parent=2607"}],"curies":[{"name":"wp","href":"https:\/\/api.w.org\/{rel}","templated":true}]}}