{"id":2641,"date":"2020-04-28T18:11:43","date_gmt":"2020-04-28T18:11:43","guid":{"rendered":"https:\/\/caravan4u.ee\/%d0%b4%d0%be%d0%b3%d0%be%d0%b2%d0%be%d1%80-%d0%b0%d1%80%d0%b5%d0%bd%d0%b4%d1%8b\/"},"modified":"2023-08-23T16:56:12","modified_gmt":"2023-08-23T16:56:12","slug":"%d0%b4%d0%be%d0%b3%d0%be%d0%b2%d0%be%d1%80-%d0%b0%d1%80%d0%b5%d0%bd%d0%b4%d1%8b","status":"publish","type":"page","link":"https:\/\/caravan4u.ee\/ru\/%d0%b4%d0%be%d0%b3%d0%be%d0%b2%d0%be%d1%80-%d0%b0%d1%80%d0%b5%d0%bd%d0%b4%d1%8b\/","title":{"rendered":"\u0414\u043e\u0433\u043e\u0432\u043e\u0440 \u0430\u0440\u0435\u043d\u0434\u044b"},"content":{"rendered":"\t\t<div data-elementor-type=\"wp-page\" data-elementor-id=\"2641\" class=\"elementor elementor-2641 elementor-1360\">\n\t\t\t\t\t\t<section class=\"elementor-section elementor-top-section elementor-element elementor-element-7179cc06 elementor-section-boxed elementor-section-height-default elementor-section-height-default\" data-id=\"7179cc06\" data-element_type=\"section\" data-e-type=\"section\">\n\t\t\t\t\t\t<div class=\"elementor-container elementor-column-gap-default\">\n\t\t\t\t\t<div class=\"elementor-column elementor-col-100 elementor-top-column elementor-element elementor-element-32d1d48\" data-id=\"32d1d48\" data-element_type=\"column\" data-e-type=\"column\">\n\t\t\t<div class=\"elementor-widget-wrap\">\n\t\t\t\t\t\t\t<\/div>\n\t\t<\/div>\n\t\t\t\t\t<\/div>\n\t\t<\/section>\n\t\t\t\t<section class=\"elementor-section elementor-top-section elementor-element elementor-element-f84d556 elementor-section-boxed elementor-section-height-default elementor-section-height-default\" data-id=\"f84d556\" data-element_type=\"section\" data-e-type=\"section\">\n\t\t\t\t\t\t<div class=\"elementor-container elementor-column-gap-default\">\n\t\t\t\t\t<div class=\"elementor-column elementor-col-50 elementor-top-column elementor-element elementor-element-7146aba\" data-id=\"7146aba\" data-element_type=\"column\" data-e-type=\"column\">\n\t\t\t<div class=\"elementor-widget-wrap\">\n\t\t\t\t\t\t\t<\/div>\n\t\t<\/div>\n\t\t\t\t<div class=\"elementor-column elementor-col-50 elementor-top-column elementor-element elementor-element-c4b40a9\" data-id=\"c4b40a9\" data-element_type=\"column\" data-e-type=\"column\">\n\t\t\t<div class=\"elementor-widget-wrap\">\n\t\t\t\t\t\t\t<\/div>\n\t\t<\/div>\n\t\t\t\t\t<\/div>\n\t\t<\/section>\n\t\t\t\t<section class=\"elementor-section elementor-top-section elementor-element elementor-element-304b610 elementor-section-boxed elementor-section-height-default elementor-section-height-default\" data-id=\"304b610\" data-element_type=\"section\" data-e-type=\"section\">\n\t\t\t\t\t\t<div class=\"elementor-container elementor-column-gap-default\">\n\t\t\t\t\t<div class=\"elementor-column elementor-col-100 elementor-top-column elementor-element elementor-element-7aa96f1\" data-id=\"7aa96f1\" data-element_type=\"column\" data-e-type=\"column\">\n\t\t\t<div class=\"elementor-widget-wrap elementor-element-populated\">\n\t\t\t\t\t\t<div class=\"elementor-element elementor-element-0fdafc8 elementor-widget elementor-widget-text-editor\" data-id=\"0fdafc8\" data-element_type=\"widget\" data-e-type=\"widget\" data-widget_type=\"text-editor.default\">\n\t\t\t\t<div class=\"elementor-widget-container\">\n\t\t\t\t\t\t\t\t\t<p style=\"text-align: left;\"><strong style=\"font-size: inherit; text-align: left;\">LEPINGUVORM<\/strong><\/p>\n<p>Rendileping on s\u00f5lmitud Kiilis, \u2026\u2026\u2026\u2026\u2026\u2026\u2026..2023a.<\/p>\n<p>RENTNIK RENDILEANDJA<\/p>\n<p>Ettev\u00f5tte (isiku) nimi Wild O\u00dc<\/p>\n<p>Reg.kood (isikukood) 12922940<\/p>\n<p>Aadress Aru 4, Kiili<\/p>\n<p>Esindaja Vahur Kellamov<\/p>\n<p>Telefon 5214947<\/p>\n<p>e-post rent@caravan4u.ee<\/p>\n<p>Haagise asukoht Kiili<\/p>\n<p><strong>VARA <\/strong><\/p>\n<p>Rendileandja annab Rentnikule ajutiseks kasutamiseks haagissuvila koos tehnilise passi, liikluskindlustuspoliisi ja uksev\u00f5tmega<\/p>\n<p>Mark ja mudel \u2013<\/p>\n<p>VIN kood &#8212;<\/p>\n<p>Registreerimism\u00e4rk \u2013<\/p>\n<ol>\n<li><strong>RENDIPERIOOD<\/strong>\u201c\u2026\u2026&#8230;&#8230;&#8230;&#8230;&#8230;&#187;kuni \u201c \u2026\u2026\u2026&#8230;&#8230;&#8230;. &#187; 2023a.<\/li>\n<\/ol>\n<p>1.1 algab ja l\u00f5peb aadressil :Aru 4, Kiili<\/p>\n<ol start=\"2\">\n<li><strong>RENDITASU<\/strong><\/li>\n<\/ol>\n<p>2.1 Haagissuvila renditasu &#8230;&#8230;&#8230;&#8230;&#8230;&#8230;&#8230;..EUR<\/p>\n<p>2.2 Haagissuvila tagatisraha 400 EUR, mis tasutakse sularahas ja tagastatakse p\u00e4rast rendiperioodi l\u00f5ppu, kui haagis on tagastatud samasuguses seisukorras nagu rendiperioodi alguses.<\/p>\n<p>2.3 Renditasu ei kuulu tagastamisele ka siis, kui rentnik otsustab haagissuvila tagastada planeeritust varem.<\/p>\n<p><strong> 3.RENDI TASUMISE KORD <\/strong><\/p>\n<p>3.1. Broneerimistasu on 80 Euri ja tuleb tasuda hiljemalt 12 h varem Wild O\u00dc arveldusarvele. \u00dclej\u00e4\u00e4nud summa &#8230;&#8230;&#8230;.EUR tasutakse kohapeal sularahas enne rendiperioodi algust + tagatisraha. Broneerimise t\u00fchistamise korral 1 kuu ette tagastab caravan4u.ee broneerimistasu 100%. V\u00e4hem kui 1 kuu teavitamise korral broneeringutasu ei tagastata.<\/p>\n<p><strong>4.LEPINGU T\u00c4HTAEG <\/strong><\/p>\n<p>4.1. leping j\u00f5ustub selle allkirjastamisest;<\/p>\n<p>4.2. leping l\u00f5peb Poolte Vara tagastuslehe alla kirjutamisega.<\/p>\n<p><strong>5.MUUD TINGIMUSED. <\/strong><\/p>\n<p>Caravan4u.ee rentnik peab esitama kehtiva juhiloa ja isikut t\u00f5endava dokumendi (ID kaart v\u00f5i pass), Caravan4u.ee teeb dokumentidest koopia.<\/p>\n<p>Rendime karavane vaid isikutele, kes omavad v\u00e4hemalt 3.aastast s\u00f5idukogemust ja B-kategooria juhilube.<\/p>\n<p>Caravan4u.ee karavanid on haagitud auto j\u00e4relk\u00e4ru konksule. Auto roolis v\u00f5ib olla vaid caravan4u.ee-ga lepingu s\u00f5lminud isik.<\/p>\n<p>Meie karavanidega on ilma eelneva kokkuleppeta keelatud s\u00f5ita v\u00e4ljaspool Euroopa Liitu!<\/p>\n<p><strong>Lisateenuste hinnad: <\/strong><\/p>\n<p>6.1.Katkis\u00f5idetud rehvi remondikulud summas 100.-\u20ac \u00fche purunenud rehvi kohta<\/p>\n<p>6.2.Haagissuvila koristus (\u00fcldkoristus, pliidi\/k\u00fclmiku puhastus, wc puhastus)50.- \u20ac<\/p>\n<p>6.3.Suitsetamine haagissuvilas on keelatud ! Trahv 100.- \u20ac<\/p>\n<p>6.4. Haagissuvila tagumise tule l\u00f5hkumine 50. -\u20ac tk.<\/p>\n<p>6.5 Tugijala l\u00f5hkumine 50.-\u20ac tk (tugijala v\u00f5tme kaotus v\u00f5i l\u00f5hkumine 25.-\u20ac tk)<\/p>\n<p>6.6 Sisemise inventari l\u00f5hkumine 250.-\u20ac.<\/p>\n<p>6.7 WC kasseti t\u00fchjendamine 50\u20ac<\/p>\n<p>6.8 Kui Rentnik p\u00f5hjustab omal s\u00fc\u00fcl haagissuvilaga avarii, mille tulemusena muutub haagissuvila kasutusk\u00f5lbmatuks v\u00f5i p\u00f5hjustab haagissuvila h\u00e4vinemise m\u00f5nel muul moel, tuleb rentnikul haagissuvila t\u00e4ies ulatuses rendileandjale kinni maksta summas 13000\u20ac (kolmteist tuhat).<\/p>\n<p>6.7 Muud vigastused, lisandunud defektid v\u00f5i l\u00f5hutud\/kaotatud lisavarustus- hind kokkuleppel.<\/p>\n<ol start=\"7\">\n<li><strong>HAAGISSUVILA \u00dcLEANDMISE JA VASTUV\u00d5TMISE AKT<\/strong><\/li>\n<\/ol>\n<p>V\u00e4line puhtus ja vigastused\u2026\u2026\u2026\u2026\u2026\u2026\u2026\u2026\u2026\u2026\u2026\u2026\u2026\u2026\u2026\u2026\u2026\u2026\u2026&#8230;&#8230;&#8230;&#8230;&#8230;&#8230;<\/p>\n<p>Sisustuse korrashoid ja sisepuhtus \u2026\u2026\u2026\u2026\u2026\u2026\u2026\u2026\u2026\u2026\u2026\u2026\u2026\u2026\u2026\u2026\u2026\u2026\u2026&#8230;&#8230;<\/p>\n<p>WC ja reoveepaak t\u00fchjendatud\u2026\u2026\u2026\u2026\u2026\u2026\u2026\u2026\u2026\u2026\u2026\u2026\u2026\u2026\u2026\u2026\u2026\u2026\u2026\u2026\u2026\u2026.<\/p>\n<p><strong>Kaasas olev lisavarustus: <\/strong><\/p>\n<p>n\u00f5ud-s\u00f6\u00f6giriistad: 6 taldrikut, 6 tassi, 6 kahvlit, 6 suurt lusikat, 6 v\u00e4ikest lusikat, 6 nuga, 2 k\u00f6\u00f6gi nuga, presskann, 2 potti, pann, veekeedukann<\/p>\n<p>Tolmuimeja, 6 matkatooli, Bluetooth k\u00f5lar JBL, raadio, TV Finlux 24\u00b4, k\u00fclmkapp, gaasipliit, rulood k\u00f5igil akendel ja luukidel, s\u00e4\u00e4sev\u00f5rgud k\u00f5igil akendel, uksel ja luukidel, hari ja k\u00fchvel, p\u00f5randavaibad v.a. wc-s, wc keemia loputuskastile ja potti.<\/p>\n<p>Kirjutades alla k\u00e4esolevale haagissuvila rendilepingule t\u00f5endan, et kohustun t\u00e4itma Rendileandja renditingimusi, samuti asukohamaal kehtivaid seadusi, sealhulgas liikluseeskirju ja parkimisreegleid ning kinnitan \u00fclalesitatud andmete \u00f5igsust. Olen saanud rendileandjalt s\u00f5iduki k\u00e4tte t\u00f6\u00f6korras ja defektideta \/ \u00fclalmainitud defektidega ning kohustun tagastama selle kokkulepitud ajal ja kohas t\u00f6\u00f6korras ja ilma lisandunud defektideta ning puhtana.<\/p>\n<p>Leping on koostatud lehe kahel k\u00fcljel, kahes eksemplaris, millest \u00fcks on kummalgi poolel.<\/p>\n\t\t\t\t\t\t\t\t<\/div>\n\t\t\t\t<\/div>\n\t\t\t\t\t<\/div>\n\t\t<\/div>\n\t\t\t\t\t<\/div>\n\t\t<\/section>\n\t\t\t\t<\/div>\n\t\t","protected":false},"excerpt":{"rendered":"<p>LEPINGUVORM Rendileping on s\u00f5lmitud Kiilis, \u2026\u2026\u2026\u2026\u2026\u2026\u2026..2023a. RENTNIK RENDILEANDJA Ettev\u00f5tte (isiku) nimi Wild O\u00dc Reg.kood (isikukood)&hellip;<\/p>\n","protected":false},"author":3,"featured_media":0,"parent":0,"menu_order":0,"comment_status":"closed","ping_status":"closed","template":"","meta":{"_monsterinsights_skip_tracking":false,"_monsterinsights_sitenote_active":false,"_monsterinsights_sitenote_note":"","_monsterinsights_sitenote_category":0,"footnotes":""},"class_list":["post-2641","page","type-page","status-publish","hentry"],"yoast_head":"<!-- This site is optimized with the Yoast SEO plugin v27.4 - https:\/\/yoast.com\/product\/yoast-seo-wordpress\/ -->\n<title>\u0414\u043e\u0433\u043e\u0432\u043e\u0440 \u0430\u0440\u0435\u043d\u0434\u044b - Caravan4u.ee<\/title>\n<meta name=\"description\" content=\"Rendileandja annab Rentnikule ajutiseks kasutamiseks haagissuvila koos tehnilise passi, liikluskindlustuspoliisi ja uksev\u00f5tmega\" \/>\n<meta name=\"robots\" content=\"index, follow, max-snippet:-1, max-image-preview:large, max-video-preview:-1\" \/>\n<link rel=\"canonical\" href=\"https:\/\/caravan4u.ee\/ru\/%d0%b4%d0%be%d0%b3%d0%be%d0%b2%d0%be%d1%80-%d0%b0%d1%80%d0%b5%d0%bd%d0%b4%d1%8b\/\" \/>\n<meta property=\"og:locale\" content=\"ru_RU\" \/>\n<meta property=\"og:type\" content=\"article\" \/>\n<meta property=\"og:title\" content=\"\u0414\u043e\u0433\u043e\u0432\u043e\u0440 \u0430\u0440\u0435\u043d\u0434\u044b - Caravan4u.ee\" \/>\n<meta property=\"og:description\" content=\"Rendileandja annab Rentnikule ajutiseks kasutamiseks haagissuvila koos tehnilise passi, liikluskindlustuspoliisi ja uksev\u00f5tmega\" \/>\n<meta property=\"og:url\" content=\"https:\/\/caravan4u.ee\/ru\/%d0%b4%d0%be%d0%b3%d0%be%d0%b2%d0%be%d1%80-%d0%b0%d1%80%d0%b5%d0%bd%d0%b4%d1%8b\/\" \/>\n<meta property=\"og:site_name\" content=\"Caravan4u.ee\" \/>\n<meta property=\"article:publisher\" content=\"https:\/\/www.facebook.com\/Haagisuvilarent\" \/>\n<meta property=\"article:modified_time\" content=\"2023-08-23T16:56:12+00:00\" \/>\n<meta name=\"twitter:card\" content=\"summary_large_image\" \/>\n<meta name=\"twitter:label1\" content=\"\u041f\u0440\u0438\u043c\u0435\u0440\u043d\u043e\u0435 \u0432\u0440\u0435\u043c\u044f \u0434\u043b\u044f \u0447\u0442\u0435\u043d\u0438\u044f\" \/>\n\t<meta name=\"twitter:data1\" content=\"3 \u043c\u0438\u043d\u0443\u0442\u044b\" \/>\n<script type=\"application\/ld+json\" class=\"yoast-schema-graph\">{\"@context\":\"https:\\\/\\\/schema.org\",\"@graph\":[{\"@type\":\"WebPage\",\"@id\":\"https:\\\/\\\/caravan4u.ee\\\/ru\\\/%d0%b4%d0%be%d0%b3%d0%be%d0%b2%d0%be%d1%80-%d0%b0%d1%80%d0%b5%d0%bd%d0%b4%d1%8b\\\/\",\"url\":\"https:\\\/\\\/caravan4u.ee\\\/ru\\\/%d0%b4%d0%be%d0%b3%d0%be%d0%b2%d0%be%d1%80-%d0%b0%d1%80%d0%b5%d0%bd%d0%b4%d1%8b\\\/\",\"name\":\"\u0414\u043e\u0433\u043e\u0432\u043e\u0440 \u0430\u0440\u0435\u043d\u0434\u044b - Caravan4u.ee\",\"isPartOf\":{\"@id\":\"https:\\\/\\\/caravan4u.ee\\\/ru\\\/#website\"},\"datePublished\":\"2020-04-28T18:11:43+00:00\",\"dateModified\":\"2023-08-23T16:56:12+00:00\",\"description\":\"Rendileandja annab Rentnikule ajutiseks kasutamiseks haagissuvila koos tehnilise passi, liikluskindlustuspoliisi ja uksev\u00f5tmega\",\"breadcrumb\":{\"@id\":\"https:\\\/\\\/caravan4u.ee\\\/ru\\\/%d0%b4%d0%be%d0%b3%d0%be%d0%b2%d0%be%d1%80-%d0%b0%d1%80%d0%b5%d0%bd%d0%b4%d1%8b\\\/#breadcrumb\"},\"inLanguage\":\"ru-RU\",\"potentialAction\":[{\"@type\":\"ReadAction\",\"target\":[\"https:\\\/\\\/caravan4u.ee\\\/ru\\\/%d0%b4%d0%be%d0%b3%d0%be%d0%b2%d0%be%d1%80-%d0%b0%d1%80%d0%b5%d0%bd%d0%b4%d1%8b\\\/\"]}]},{\"@type\":\"BreadcrumbList\",\"@id\":\"https:\\\/\\\/caravan4u.ee\\\/ru\\\/%d0%b4%d0%be%d0%b3%d0%be%d0%b2%d0%be%d1%80-%d0%b0%d1%80%d0%b5%d0%bd%d0%b4%d1%8b\\\/#breadcrumb\",\"itemListElement\":[{\"@type\":\"ListItem\",\"position\":1,\"name\":\"Home\",\"item\":\"https:\\\/\\\/caravan4u.ee\\\/ru\\\/\"},{\"@type\":\"ListItem\",\"position\":2,\"name\":\"\u0414\u043e\u0433\u043e\u0432\u043e\u0440 \u0430\u0440\u0435\u043d\u0434\u044b\"}]},{\"@type\":\"WebSite\",\"@id\":\"https:\\\/\\\/caravan4u.ee\\\/ru\\\/#website\",\"url\":\"https:\\\/\\\/caravan4u.ee\\\/ru\\\/\",\"name\":\"Caravan4u.ee\",\"description\":\"haagissuvilate m\u00fc\u00fck ja hooldus\",\"publisher\":{\"@id\":\"https:\\\/\\\/caravan4u.ee\\\/ru\\\/#organization\"},\"potentialAction\":[{\"@type\":\"SearchAction\",\"target\":{\"@type\":\"EntryPoint\",\"urlTemplate\":\"https:\\\/\\\/caravan4u.ee\\\/ru\\\/?s={search_term_string}\"},\"query-input\":{\"@type\":\"PropertyValueSpecification\",\"valueRequired\":true,\"valueName\":\"search_term_string\"}}],\"inLanguage\":\"ru-RU\"},{\"@type\":\"Organization\",\"@id\":\"https:\\\/\\\/caravan4u.ee\\\/ru\\\/#organization\",\"name\":\"Caravan4u.ee\",\"url\":\"https:\\\/\\\/caravan4u.ee\\\/ru\\\/\",\"logo\":{\"@type\":\"ImageObject\",\"inLanguage\":\"ru-RU\",\"@id\":\"https:\\\/\\\/caravan4u.ee\\\/ru\\\/#\\\/schema\\\/logo\\\/image\\\/\",\"url\":\"https:\\\/\\\/caravan4u.ee\\\/wp-content\\\/uploads\\\/2020\\\/04\\\/aucapina-0903591607-svg-5.png\",\"contentUrl\":\"https:\\\/\\\/caravan4u.ee\\\/wp-content\\\/uploads\\\/2020\\\/04\\\/aucapina-0903591607-svg-5.png\",\"width\":236,\"height\":51,\"caption\":\"Caravan4u.ee\"},\"image\":{\"@id\":\"https:\\\/\\\/caravan4u.ee\\\/ru\\\/#\\\/schema\\\/logo\\\/image\\\/\"},\"sameAs\":[\"https:\\\/\\\/www.facebook.com\\\/Haagisuvilarent\"]}]}<\/script>\n<!-- \/ Yoast SEO plugin. -->","yoast_head_json":{"title":"\u0414\u043e\u0433\u043e\u0432\u043e\u0440 \u0430\u0440\u0435\u043d\u0434\u044b - Caravan4u.ee","description":"Rendileandja annab Rentnikule ajutiseks kasutamiseks haagissuvila koos tehnilise passi, liikluskindlustuspoliisi ja uksev\u00f5tmega","robots":{"index":"index","follow":"follow","max-snippet":"max-snippet:-1","max-image-preview":"max-image-preview:large","max-video-preview":"max-video-preview:-1"},"canonical":"https:\/\/caravan4u.ee\/ru\/%d0%b4%d0%be%d0%b3%d0%be%d0%b2%d0%be%d1%80-%d0%b0%d1%80%d0%b5%d0%bd%d0%b4%d1%8b\/","og_locale":"ru_RU","og_type":"article","og_title":"\u0414\u043e\u0433\u043e\u0432\u043e\u0440 \u0430\u0440\u0435\u043d\u0434\u044b - Caravan4u.ee","og_description":"Rendileandja annab Rentnikule ajutiseks kasutamiseks haagissuvila koos tehnilise passi, liikluskindlustuspoliisi ja uksev\u00f5tmega","og_url":"https:\/\/caravan4u.ee\/ru\/%d0%b4%d0%be%d0%b3%d0%be%d0%b2%d0%be%d1%80-%d0%b0%d1%80%d0%b5%d0%bd%d0%b4%d1%8b\/","og_site_name":"Caravan4u.ee","article_publisher":"https:\/\/www.facebook.com\/Haagisuvilarent","article_modified_time":"2023-08-23T16:56:12+00:00","twitter_card":"summary_large_image","twitter_misc":{"\u041f\u0440\u0438\u043c\u0435\u0440\u043d\u043e\u0435 \u0432\u0440\u0435\u043c\u044f \u0434\u043b\u044f \u0447\u0442\u0435\u043d\u0438\u044f":"3 \u043c\u0438\u043d\u0443\u0442\u044b"},"schema":{"@context":"https:\/\/schema.org","@graph":[{"@type":"WebPage","@id":"https:\/\/caravan4u.ee\/ru\/%d0%b4%d0%be%d0%b3%d0%be%d0%b2%d0%be%d1%80-%d0%b0%d1%80%d0%b5%d0%bd%d0%b4%d1%8b\/","url":"https:\/\/caravan4u.ee\/ru\/%d0%b4%d0%be%d0%b3%d0%be%d0%b2%d0%be%d1%80-%d0%b0%d1%80%d0%b5%d0%bd%d0%b4%d1%8b\/","name":"\u0414\u043e\u0433\u043e\u0432\u043e\u0440 \u0430\u0440\u0435\u043d\u0434\u044b - Caravan4u.ee","isPartOf":{"@id":"https:\/\/caravan4u.ee\/ru\/#website"},"datePublished":"2020-04-28T18:11:43+00:00","dateModified":"2023-08-23T16:56:12+00:00","description":"Rendileandja annab Rentnikule ajutiseks kasutamiseks haagissuvila koos tehnilise passi, liikluskindlustuspoliisi ja uksev\u00f5tmega","breadcrumb":{"@id":"https:\/\/caravan4u.ee\/ru\/%d0%b4%d0%be%d0%b3%d0%be%d0%b2%d0%be%d1%80-%d0%b0%d1%80%d0%b5%d0%bd%d0%b4%d1%8b\/#breadcrumb"},"inLanguage":"ru-RU","potentialAction":[{"@type":"ReadAction","target":["https:\/\/caravan4u.ee\/ru\/%d0%b4%d0%be%d0%b3%d0%be%d0%b2%d0%be%d1%80-%d0%b0%d1%80%d0%b5%d0%bd%d0%b4%d1%8b\/"]}]},{"@type":"BreadcrumbList","@id":"https:\/\/caravan4u.ee\/ru\/%d0%b4%d0%be%d0%b3%d0%be%d0%b2%d0%be%d1%80-%d0%b0%d1%80%d0%b5%d0%bd%d0%b4%d1%8b\/#breadcrumb","itemListElement":[{"@type":"ListItem","position":1,"name":"Home","item":"https:\/\/caravan4u.ee\/ru\/"},{"@type":"ListItem","position":2,"name":"\u0414\u043e\u0433\u043e\u0432\u043e\u0440 \u0430\u0440\u0435\u043d\u0434\u044b"}]},{"@type":"WebSite","@id":"https:\/\/caravan4u.ee\/ru\/#website","url":"https:\/\/caravan4u.ee\/ru\/","name":"Caravan4u.ee","description":"haagissuvilate m\u00fc\u00fck ja hooldus","publisher":{"@id":"https:\/\/caravan4u.ee\/ru\/#organization"},"potentialAction":[{"@type":"SearchAction","target":{"@type":"EntryPoint","urlTemplate":"https:\/\/caravan4u.ee\/ru\/?s={search_term_string}"},"query-input":{"@type":"PropertyValueSpecification","valueRequired":true,"valueName":"search_term_string"}}],"inLanguage":"ru-RU"},{"@type":"Organization","@id":"https:\/\/caravan4u.ee\/ru\/#organization","name":"Caravan4u.ee","url":"https:\/\/caravan4u.ee\/ru\/","logo":{"@type":"ImageObject","inLanguage":"ru-RU","@id":"https:\/\/caravan4u.ee\/ru\/#\/schema\/logo\/image\/","url":"https:\/\/caravan4u.ee\/wp-content\/uploads\/2020\/04\/aucapina-0903591607-svg-5.png","contentUrl":"https:\/\/caravan4u.ee\/wp-content\/uploads\/2020\/04\/aucapina-0903591607-svg-5.png","width":236,"height":51,"caption":"Caravan4u.ee"},"image":{"@id":"https:\/\/caravan4u.ee\/ru\/#\/schema\/logo\/image\/"},"sameAs":["https:\/\/www.facebook.com\/Haagisuvilarent"]}]}},"_links":{"self":[{"href":"https:\/\/caravan4u.ee\/ru\/wp-json\/wp\/v2\/pages\/2641","targetHints":{"allow":["GET"]}}],"collection":[{"href":"https:\/\/caravan4u.ee\/ru\/wp-json\/wp\/v2\/pages"}],"about":[{"href":"https:\/\/caravan4u.ee\/ru\/wp-json\/wp\/v2\/types\/page"}],"author":[{"embeddable":true,"href":"https:\/\/caravan4u.ee\/ru\/wp-json\/wp\/v2\/users\/3"}],"replies":[{"embeddable":true,"href":"https:\/\/caravan4u.ee\/ru\/wp-json\/wp\/v2\/comments?post=2641"}],"version-history":[{"count":1,"href":"https:\/\/caravan4u.ee\/ru\/wp-json\/wp\/v2\/pages\/2641\/revisions"}],"predecessor-version":[{"id":2642,"href":"https:\/\/caravan4u.ee\/ru\/wp-json\/wp\/v2\/pages\/2641\/revisions\/2642"}],"wp:attachment":[{"href":"https:\/\/caravan4u.ee\/ru\/wp-json\/wp\/v2\/media?parent=2641"}],"curies":[{"name":"wp","href":"https:\/\/api.w.org\/{rel}","templated":true}]}}