{"id":4127,"date":"2024-10-12T13:05:33","date_gmt":"2024-10-12T13:05:33","guid":{"rendered":"https:\/\/caravan4u.ee\/%d0%bf%d1%80%d0%b8%d1%86%d0%b5%d0%bf-%d0%b4%d0%bb%d1%8f-%d0%b5%d0%b4%d1%8b-niewiadow-h20522ht\/"},"modified":"2025-04-02T09:28:09","modified_gmt":"2025-04-02T09:28:09","slug":"%d0%bf%d1%80%d0%b8%d1%86%d0%b5%d0%bf-%d0%b4%d0%bb%d1%8f-%d0%b5%d0%b4%d1%8b-niewiadow-h20522ht","status":"publish","type":"page","link":"https:\/\/caravan4u.ee\/ru\/%d0%bf%d1%80%d0%b8%d1%86%d0%b5%d0%bf-%d0%b4%d0%bb%d1%8f-%d0%b5%d0%b4%d1%8b-niewiadow-h20522ht\/","title":{"rendered":"\u041f\u0440\u0438\u0446\u0435\u043f \u0434\u043b\u044f \u0435\u0434\u044b Niewiadow H20522HT"},"content":{"rendered":"\t\t<div data-elementor-type=\"wp-page\" data-elementor-id=\"4127\" class=\"elementor elementor-4127 elementor-3848\">\n\t\t\t\t\t\t<section class=\"elementor-section elementor-top-section elementor-element elementor-element-c6cebe7 elementor-section-boxed elementor-section-height-default elementor-section-height-default\" data-id=\"c6cebe7\" data-element_type=\"section\" data-e-type=\"section\">\n\t\t\t\t\t\t<div class=\"elementor-container elementor-column-gap-default\">\n\t\t\t\t\t<div class=\"elementor-column elementor-col-100 elementor-top-column elementor-element elementor-element-40edc32\" data-id=\"40edc32\" data-element_type=\"column\" data-e-type=\"column\">\n\t\t\t<div class=\"elementor-widget-wrap elementor-element-populated\">\n\t\t\t\t\t\t<section class=\"elementor-section elementor-inner-section elementor-element elementor-element-31c0139 elementor-section-boxed elementor-section-height-default elementor-section-height-default\" data-id=\"31c0139\" data-element_type=\"section\" data-e-type=\"section\">\n\t\t\t\t\t\t<div class=\"elementor-container elementor-column-gap-default\">\n\t\t\t\t\t<div class=\"elementor-column elementor-col-50 elementor-inner-column elementor-element elementor-element-0980a50\" data-id=\"0980a50\" data-element_type=\"column\" data-e-type=\"column\">\n\t\t\t<div class=\"elementor-widget-wrap elementor-element-populated\">\n\t\t\t\t\t\t<div class=\"elementor-element elementor-element-9d864a9 elementor-widget elementor-widget-image\" data-id=\"9d864a9\" data-element_type=\"widget\" data-e-type=\"widget\" data-widget_type=\"image.default\">\n\t\t\t\t<div class=\"elementor-widget-container\">\n\t\t\t\t\t\t\t\t\t\t\t\t\t\t\t<img fetchpriority=\"high\" decoding=\"async\" width=\"960\" height=\"640\" src=\"data:image\/gif;base64,R0lGODlhAQABAAD\/ACwAAAAAAQABAAACADs%3D\" data-src=\"https:\/\/caravan4u.ee\/wp-content\/uploads\/2024\/10\/toidutreiler.png\" class=\"lazyload attachment-large size-large wp-image-3838\" alt=\"\" data-srcset=\"https:\/\/caravan4u.ee\/wp-content\/uploads\/2024\/10\/toidutreiler.png 960w, https:\/\/caravan4u.ee\/wp-content\/uploads\/2024\/10\/toidutreiler-360x240.png 360w, https:\/\/caravan4u.ee\/wp-content\/uploads\/2024\/10\/toidutreiler-750x500.png 750w, https:\/\/caravan4u.ee\/wp-content\/uploads\/2024\/10\/toidutreiler-120x80.png 120w\" data-sizes=\"(max-width: 960px) 100vw, 960px\" \/>\t\t\t\t\t\t\t\t\t\t\t\t\t\t\t<\/div>\n\t\t\t\t<\/div>\n\t\t\t\t\t<\/div>\n\t\t<\/div>\n\t\t\t\t<div class=\"elementor-column elementor-col-50 elementor-inner-column elementor-element elementor-element-821f07d\" data-id=\"821f07d\" data-element_type=\"column\" data-e-type=\"column\">\n\t\t\t<div class=\"elementor-widget-wrap elementor-element-populated\">\n\t\t\t\t\t\t<div class=\"elementor-element elementor-element-f250824 elementor-widget elementor-widget-text-editor\" data-id=\"f250824\" data-element_type=\"widget\" data-e-type=\"widget\" data-widget_type=\"text-editor.default\">\n\t\t\t\t<div class=\"elementor-widget-container\">\n\t\t\t\t\t\t\t\t\t<ul>\n<li>\u041a\u043e\u043d\u0441\u0442\u0440\u0443\u043a\u0446\u0438\u044f \u0441\u0442\u0435\u043d &#8212; \u0422\u043e\u043b\u0449\u0438\u043d\u0430 \u0441\u044d\u043d\u0434\u0432\u0438\u0447-\u043f\u0430\u043d\u0435\u043b\u0438: 33 \u043c\u043c (\u0432\u043d\u0435\u0448\u043d\u044f\u044f \u043e\u0431\u043e\u043b\u043e\u0447\u043a\u0430 \u043b\u0430\u043c\u0438\u043d\u0430\u0442\u0430, \u0441\u0435\u0440\u0434\u0446\u0435\u0432\u0438\u043d\u0430 XPS)<\/li>\n<li>\u041f\u043e\u043b &#8212; \u0412\u043e\u0434\u043e\u0441\u0442\u043e\u0439\u043a\u0430\u044f \u0444\u0430\u043d\u0435\u0440\u0430 \u0441 \u043f\u043e\u043a\u0440\u044b\u0442\u0438\u0435\u043c \u041f\u0412\u0425: \u043f\u043e\u0432\u044b\u0448\u0435\u043d\u043d\u0430\u044f \u0441\u0442\u043e\u0439\u043a\u043e\u0441\u0442\u044c \u043a \u0438\u0441\u0442\u0438\u0440\u0430\u043d\u0438\u044e<\/li>\n<li>\u0420\u0430\u043c\u0430 &#8212; \u041c\u0430\u0442\u0435\u0440\u0438\u0430\u043b: \u0421\u0442\u0430\u043b\u044c, \u0433\u043e\u0440\u044f\u0447\u0435\u0435 \u0446\u0438\u043d\u043a\u043e\u0432\u0430\u043d\u0438\u0435<\/li>\n<li>\u041e\u043f\u043e\u0440\u043d\u043e\u0435 \u043a\u043e\u043b\u0435\u0441\u043e &#8212; \u0414\u0430<\/li>\n<li>\u0421\u0442\u0430\u0431\u0438\u043b\u0438\u0437\u0438\u0440\u0443\u044e\u0449\u0438\u0435 \u043e\u043f\u043e\u0440\u044b &#8212; 4 \u043a\u043b\u044e\u0447\u0430 \u0434\u043b\u044f \u043e\u043f\u043e\u0440: \u0414\u0430<\/li>\n<li>\u041d\u0430\u0447\u0430\u043b\u044c\u043d\u044b\u0439 \u0443\u0440\u043e\u0432\u0435\u043d\u044c &#8212; \u041c\u0430\u0442\u0435\u0440\u0438\u0430\u043b: \u041c\u0435\u0442\u0430\u043b\u043b<\/li>\n<li>\u0414\u0432\u0435\u0440\u0446\u0430 \u0433\u0430\u0437\u043e\u0432\u043e\u0433\u043e \u0448\u043a\u0430\u0444\u0430: \u0414\u0430<\/li>\n<\/ul>\n<p>\u0414\u043e\u043f\u043e\u043b\u043d\u0438\u0442\u0435\u043b\u044c\u043d\u044b\u0435 \u043e\u043f\u0446\u0438\u0438 :<\/p>\n<ul>\n<li>\u0410\u043c\u043e\u0440\u0442\u0438\u0437\u0430\u0442\u043e\u0440\u044b, \u0434\u0432\u0435\u0440\u043d\u0430\u044f \u0440\u0443\u0447\u043a\u0430, \u042d\u043b\u0435\u043a\u0442\u0440\u0438\u0447\u0435\u0441\u043a\u0430\u044f \u0441\u0438\u0441\u0442\u0435\u043c\u0430 230\u0412 \u0441\u043e \u0432\u0441\u0442\u0440\u043e\u0435\u043d\u043d\u044b\u043c \u043e\u0441\u0432\u0435\u0449\u0435\u043d\u0438\u0435\u043c, \u0421\u0430\u043d\u0442\u0435\u0445\u043d\u0438\u0447\u0435\u0441\u043a\u0438\u0439 \u0443\u0433\u043e\u043b\u043e\u043a<\/li>\n<\/ul>\n\t\t\t\t\t\t\t\t<\/div>\n\t\t\t\t<\/div>\n\t\t\t\t\t<\/div>\n\t\t<\/div>\n\t\t\t\t\t<\/div>\n\t\t<\/section>\n\t\t\t\t<div class=\"elementor-element elementor-element-8747f5c elementor-widget elementor-widget-heading\" data-id=\"8747f5c\" data-element_type=\"widget\" data-e-type=\"widget\" data-widget_type=\"heading.default\">\n\t\t\t\t<div class=\"elementor-widget-container\">\n\t\t\t\t\t<h2 class=\"elementor-heading-title elementor-size-default\"><a href=\"https:\/\/caravan4u.ee\/ru\/%d0%ba%d0%be%d0%bd%d1%82%d0%b0%d0%ba%d1%82%d1%8b\/\">\u0421\u043f\u0440\u043e\u0441\u0438\u0442\u044c \u043e \u043f\u0440\u0435\u0434\u043b\u043e\u0436\u0435\u043d\u0438\u0438<\/a><\/h2>\t\t\t\t<\/div>\n\t\t\t\t<\/div>\n\t\t\t\t<div class=\"elementor-element elementor-element-e9264e8 elementor-widget elementor-widget-templines-instagram\" data-id=\"e9264e8\" data-element_type=\"widget\" data-e-type=\"widget\" data-widget_type=\"templines-instagram.default\">\n\t\t\t\t<div class=\"elementor-widget-container\">\n\t\t\t\t\t\t\t\t\t\t\t\t\t\t\t\t\t<div class=\"c-instagram\" data-images=\"{&quot;images&quot;:[{&quot;src&quot;:&quot;https:\\\/\\\/caravan4u.ee\\\/wp-content\\\/uploads\\\/2024\\\/10\\\/toidutreiler2.png&quot;,&quot;w&quot;:960,&quot;h&quot;:640},{&quot;src&quot;:&quot;https:\\\/\\\/caravan4u.ee\\\/wp-content\\\/uploads\\\/2024\\\/10\\\/toidutreiler3.png&quot;,&quot;w&quot;:960,&quot;h&quot;:640},{&quot;src&quot;:&quot;https:\\\/\\\/caravan4u.ee\\\/wp-content\\\/uploads\\\/2024\\\/10\\\/G-LINE-INTERIOR.jpg&quot;,&quot;w&quot;:960,&quot;h&quot;:640},{&quot;src&quot;:&quot;https:\\\/\\\/caravan4u.ee\\\/wp-content\\\/uploads\\\/2024\\\/10\\\/METAL-HANDLE.png&quot;,&quot;w&quot;:960,&quot;h&quot;:640}]}\"><div class=\"c-instagram__wrap\"><div class=\"c-instagram__item\"><a data-index=\"0\" href=\"\" download onclick=\"return false;\" class=\"c-instagram__item_wrap js-image-list-2-zoom\"><img decoding=\"async\" class=\"lazyload\" data-srcset=\"https:\/\/caravan4u.ee\/wp-content\/uploads\/2024\/10\/toidutreiler2-720x600.png 720w, https:\/\/caravan4u.ee\/wp-content\/uploads\/2024\/10\/toidutreiler2-360x300.png 360w\" data-src=\"https:\/\/caravan4u.ee\/wp-content\/uploads\/2024\/10\/toidutreiler2-720x600.png\" src=\"data:image\/gif;base64,R0lGODlhAQABAAD\/ACwAAAAAAQABAAACADs%3D\" alt=\"toidutreiler2\" title=\"toidutreiler2\"><span class=\"c-instagram__item_loading\"><\/span><\/a><\/div><div class=\"c-instagram__item\"><a data-index=\"1\" href=\"\" download onclick=\"return false;\" class=\"c-instagram__item_wrap js-image-list-2-zoom\"><img decoding=\"async\" class=\"lazyload\" data-srcset=\"https:\/\/caravan4u.ee\/wp-content\/uploads\/2024\/10\/toidutreiler3-720x600.png 720w, https:\/\/caravan4u.ee\/wp-content\/uploads\/2024\/10\/toidutreiler3-360x300.png 360w\" data-src=\"https:\/\/caravan4u.ee\/wp-content\/uploads\/2024\/10\/toidutreiler3-720x600.png\" src=\"data:image\/gif;base64,R0lGODlhAQABAAD\/ACwAAAAAAQABAAACADs%3D\" alt=\"toidutreiler3\" title=\"toidutreiler3\"><span class=\"c-instagram__item_loading\"><\/span><\/a><\/div><div class=\"c-instagram__item\"><a data-index=\"2\" href=\"\" download onclick=\"return false;\" class=\"c-instagram__item_wrap js-image-list-2-zoom\"><img decoding=\"async\" class=\"lazyload\" data-srcset=\"https:\/\/caravan4u.ee\/wp-content\/uploads\/2024\/10\/G-LINE-INTERIOR-720x600.jpg 720w, https:\/\/caravan4u.ee\/wp-content\/uploads\/2024\/10\/G-LINE-INTERIOR-360x300.jpg 360w\" data-src=\"https:\/\/caravan4u.ee\/wp-content\/uploads\/2024\/10\/G-LINE-INTERIOR-720x600.jpg\" src=\"data:image\/gif;base64,R0lGODlhAQABAAD\/ACwAAAAAAQABAAACADs%3D\" alt=\"G-LINE-INTERIOR\" title=\"G-LINE-INTERIOR\"><span class=\"c-instagram__item_loading\"><\/span><\/a><\/div><div class=\"c-instagram__item\"><a data-index=\"3\" href=\"\" download onclick=\"return false;\" class=\"c-instagram__item_wrap js-image-list-2-zoom\"><img decoding=\"async\" class=\"lazyload\" data-srcset=\"https:\/\/caravan4u.ee\/wp-content\/uploads\/2024\/10\/METAL-HANDLE-720x600.png 720w, https:\/\/caravan4u.ee\/wp-content\/uploads\/2024\/10\/METAL-HANDLE-360x300.png 360w\" data-src=\"https:\/\/caravan4u.ee\/wp-content\/uploads\/2024\/10\/METAL-HANDLE-720x600.png\" src=\"data:image\/gif;base64,R0lGODlhAQABAAD\/ACwAAAAAAQABAAACADs%3D\" alt=\"METAL-HANDLE\" title=\"METAL-HANDLE\"><span class=\"c-instagram__item_loading\"><\/span><\/a><\/div><\/div><\/div>\t\t\t\t<\/div>\n\t\t\t\t<\/div>\n\t\t\t\t\t<\/div>\n\t\t<\/div>\n\t\t\t\t\t<\/div>\n\t\t<\/section>\n\t\t\t\t<\/div>\n\t\t","protected":false},"excerpt":{"rendered":"<p>\u041a\u043e\u043d\u0441\u0442\u0440\u0443\u043a\u0446\u0438\u044f \u0441\u0442\u0435\u043d &#8212; \u0422\u043e\u043b\u0449\u0438\u043d\u0430 \u0441\u044d\u043d\u0434\u0432\u0438\u0447-\u043f\u0430\u043d\u0435\u043b\u0438: 33 \u043c\u043c (\u0432\u043d\u0435\u0448\u043d\u044f\u044f \u043e\u0431\u043e\u043b\u043e\u0447\u043a\u0430 \u043b\u0430\u043c\u0438\u043d\u0430\u0442\u0430, \u0441\u0435\u0440\u0434\u0446\u0435\u0432\u0438\u043d\u0430 XPS) \u041f\u043e\u043b &#8212; \u0412\u043e\u0434\u043e\u0441\u0442\u043e\u0439\u043a\u0430\u044f&hellip;<\/p>\n","protected":false},"author":3,"featured_media":0,"parent":0,"menu_order":0,"comment_status":"closed","ping_status":"closed","template":"","meta":{"_monsterinsights_skip_tracking":false,"_monsterinsights_sitenote_active":false,"_monsterinsights_sitenote_note":"","_monsterinsights_sitenote_category":0,"footnotes":""},"class_list":["post-4127","page","type-page","status-publish","hentry"],"yoast_head":"<!-- This site is optimized with the Yoast SEO plugin v27.4 - https:\/\/yoast.com\/product\/yoast-seo-wordpress\/ -->\n<title>\u041f\u0440\u0438\u0446\u0435\u043f \u0434\u043b\u044f \u0435\u0434\u044b Niewiadow H20522HT - Caravan4u.ee<\/title>\n<meta name=\"description\" content=\"Caravan4U on Niewiadow haagissuvilate ja lisavarustuse ametlik m\u00fc\u00fcja eestis. Pakume m\u00fc\u00fcgiks 2-4 kohalisi rikkaliku varustusega ja hea hinnaga haagissuvilaid.\" \/>\n<meta name=\"robots\" content=\"index, follow, max-snippet:-1, max-image-preview:large, max-video-preview:-1\" \/>\n<link rel=\"canonical\" href=\"https:\/\/caravan4u.ee\/ru\/%d0%bf%d1%80%d0%b8%d1%86%d0%b5%d0%bf-%d0%b4%d0%bb%d1%8f-%d0%b5%d0%b4%d1%8b-niewiadow-h20522ht\/\" \/>\n<meta property=\"og:locale\" content=\"ru_RU\" \/>\n<meta property=\"og:type\" content=\"article\" \/>\n<meta property=\"og:title\" content=\"\u041f\u0440\u0438\u0446\u0435\u043f \u0434\u043b\u044f \u0435\u0434\u044b Niewiadow H20522HT - Caravan4u.ee\" \/>\n<meta property=\"og:description\" content=\"Caravan4U on Niewiadow haagissuvilate ja lisavarustuse ametlik m\u00fc\u00fcja eestis. Pakume m\u00fc\u00fcgiks 2-4 kohalisi rikkaliku varustusega ja hea hinnaga haagissuvilaid.\" \/>\n<meta property=\"og:url\" content=\"https:\/\/caravan4u.ee\/ru\/%d0%bf%d1%80%d0%b8%d1%86%d0%b5%d0%bf-%d0%b4%d0%bb%d1%8f-%d0%b5%d0%b4%d1%8b-niewiadow-h20522ht\/\" \/>\n<meta property=\"og:site_name\" content=\"Caravan4u.ee\" \/>\n<meta property=\"article:publisher\" content=\"https:\/\/www.facebook.com\/Haagisuvilarent\" \/>\n<meta property=\"article:modified_time\" content=\"2025-04-02T09:28:09+00:00\" \/>\n<meta property=\"og:image\" content=\"https:\/\/caravan4u.ee\/wp-content\/uploads\/2024\/10\/toidutreiler2-720x600.png\" \/>\n<meta name=\"twitter:card\" content=\"summary_large_image\" \/>\n<script type=\"application\/ld+json\" class=\"yoast-schema-graph\">{\"@context\":\"https:\\\/\\\/schema.org\",\"@graph\":[{\"@type\":\"WebPage\",\"@id\":\"https:\\\/\\\/caravan4u.ee\\\/ru\\\/%d0%bf%d1%80%d0%b8%d1%86%d0%b5%d0%bf-%d0%b4%d0%bb%d1%8f-%d0%b5%d0%b4%d1%8b-niewiadow-h20522ht\\\/\",\"url\":\"https:\\\/\\\/caravan4u.ee\\\/ru\\\/%d0%bf%d1%80%d0%b8%d1%86%d0%b5%d0%bf-%d0%b4%d0%bb%d1%8f-%d0%b5%d0%b4%d1%8b-niewiadow-h20522ht\\\/\",\"name\":\"\u041f\u0440\u0438\u0446\u0435\u043f \u0434\u043b\u044f \u0435\u0434\u044b Niewiadow H20522HT - Caravan4u.ee\",\"isPartOf\":{\"@id\":\"https:\\\/\\\/caravan4u.ee\\\/ru\\\/#website\"},\"primaryImageOfPage\":{\"@id\":\"https:\\\/\\\/caravan4u.ee\\\/ru\\\/%d0%bf%d1%80%d0%b8%d1%86%d0%b5%d0%bf-%d0%b4%d0%bb%d1%8f-%d0%b5%d0%b4%d1%8b-niewiadow-h20522ht\\\/#primaryimage\"},\"image\":{\"@id\":\"https:\\\/\\\/caravan4u.ee\\\/ru\\\/%d0%bf%d1%80%d0%b8%d1%86%d0%b5%d0%bf-%d0%b4%d0%bb%d1%8f-%d0%b5%d0%b4%d1%8b-niewiadow-h20522ht\\\/#primaryimage\"},\"thumbnailUrl\":\"https:\\\/\\\/caravan4u.ee\\\/wp-content\\\/uploads\\\/2024\\\/10\\\/toidutreiler2-720x600.png\",\"datePublished\":\"2024-10-12T13:05:33+00:00\",\"dateModified\":\"2025-04-02T09:28:09+00:00\",\"description\":\"Caravan4U on Niewiadow haagissuvilate ja lisavarustuse ametlik m\u00fc\u00fcja eestis. Pakume m\u00fc\u00fcgiks 2-4 kohalisi rikkaliku varustusega ja hea hinnaga haagissuvilaid.\",\"breadcrumb\":{\"@id\":\"https:\\\/\\\/caravan4u.ee\\\/ru\\\/%d0%bf%d1%80%d0%b8%d1%86%d0%b5%d0%bf-%d0%b4%d0%bb%d1%8f-%d0%b5%d0%b4%d1%8b-niewiadow-h20522ht\\\/#breadcrumb\"},\"inLanguage\":\"ru-RU\",\"potentialAction\":[{\"@type\":\"ReadAction\",\"target\":[\"https:\\\/\\\/caravan4u.ee\\\/ru\\\/%d0%bf%d1%80%d0%b8%d1%86%d0%b5%d0%bf-%d0%b4%d0%bb%d1%8f-%d0%b5%d0%b4%d1%8b-niewiadow-h20522ht\\\/\"]}]},{\"@type\":\"ImageObject\",\"inLanguage\":\"ru-RU\",\"@id\":\"https:\\\/\\\/caravan4u.ee\\\/ru\\\/%d0%bf%d1%80%d0%b8%d1%86%d0%b5%d0%bf-%d0%b4%d0%bb%d1%8f-%d0%b5%d0%b4%d1%8b-niewiadow-h20522ht\\\/#primaryimage\",\"url\":\"https:\\\/\\\/caravan4u.ee\\\/wp-content\\\/uploads\\\/2024\\\/10\\\/toidutreiler2-720x600.png\",\"contentUrl\":\"https:\\\/\\\/caravan4u.ee\\\/wp-content\\\/uploads\\\/2024\\\/10\\\/toidutreiler2-720x600.png\"},{\"@type\":\"BreadcrumbList\",\"@id\":\"https:\\\/\\\/caravan4u.ee\\\/ru\\\/%d0%bf%d1%80%d0%b8%d1%86%d0%b5%d0%bf-%d0%b4%d0%bb%d1%8f-%d0%b5%d0%b4%d1%8b-niewiadow-h20522ht\\\/#breadcrumb\",\"itemListElement\":[{\"@type\":\"ListItem\",\"position\":1,\"name\":\"Home\",\"item\":\"https:\\\/\\\/caravan4u.ee\\\/ru\\\/\"},{\"@type\":\"ListItem\",\"position\":2,\"name\":\"\u041f\u0440\u0438\u0446\u0435\u043f \u0434\u043b\u044f \u0435\u0434\u044b Niewiadow H20522HT\"}]},{\"@type\":\"WebSite\",\"@id\":\"https:\\\/\\\/caravan4u.ee\\\/ru\\\/#website\",\"url\":\"https:\\\/\\\/caravan4u.ee\\\/ru\\\/\",\"name\":\"Caravan4u.ee\",\"description\":\"haagissuvilate m\u00fc\u00fck ja hooldus\",\"publisher\":{\"@id\":\"https:\\\/\\\/caravan4u.ee\\\/ru\\\/#organization\"},\"potentialAction\":[{\"@type\":\"SearchAction\",\"target\":{\"@type\":\"EntryPoint\",\"urlTemplate\":\"https:\\\/\\\/caravan4u.ee\\\/ru\\\/?s={search_term_string}\"},\"query-input\":{\"@type\":\"PropertyValueSpecification\",\"valueRequired\":true,\"valueName\":\"search_term_string\"}}],\"inLanguage\":\"ru-RU\"},{\"@type\":\"Organization\",\"@id\":\"https:\\\/\\\/caravan4u.ee\\\/ru\\\/#organization\",\"name\":\"Caravan4u.ee\",\"url\":\"https:\\\/\\\/caravan4u.ee\\\/ru\\\/\",\"logo\":{\"@type\":\"ImageObject\",\"inLanguage\":\"ru-RU\",\"@id\":\"https:\\\/\\\/caravan4u.ee\\\/ru\\\/#\\\/schema\\\/logo\\\/image\\\/\",\"url\":\"https:\\\/\\\/caravan4u.ee\\\/wp-content\\\/uploads\\\/2020\\\/04\\\/aucapina-0903591607-svg-5.png\",\"contentUrl\":\"https:\\\/\\\/caravan4u.ee\\\/wp-content\\\/uploads\\\/2020\\\/04\\\/aucapina-0903591607-svg-5.png\",\"width\":236,\"height\":51,\"caption\":\"Caravan4u.ee\"},\"image\":{\"@id\":\"https:\\\/\\\/caravan4u.ee\\\/ru\\\/#\\\/schema\\\/logo\\\/image\\\/\"},\"sameAs\":[\"https:\\\/\\\/www.facebook.com\\\/Haagisuvilarent\"]}]}<\/script>\n<!-- \/ Yoast SEO plugin. -->","yoast_head_json":{"title":"\u041f\u0440\u0438\u0446\u0435\u043f \u0434\u043b\u044f \u0435\u0434\u044b Niewiadow H20522HT - Caravan4u.ee","description":"Caravan4U on Niewiadow haagissuvilate ja lisavarustuse ametlik m\u00fc\u00fcja eestis. Pakume m\u00fc\u00fcgiks 2-4 kohalisi rikkaliku varustusega ja hea hinnaga haagissuvilaid.","robots":{"index":"index","follow":"follow","max-snippet":"max-snippet:-1","max-image-preview":"max-image-preview:large","max-video-preview":"max-video-preview:-1"},"canonical":"https:\/\/caravan4u.ee\/ru\/%d0%bf%d1%80%d0%b8%d1%86%d0%b5%d0%bf-%d0%b4%d0%bb%d1%8f-%d0%b5%d0%b4%d1%8b-niewiadow-h20522ht\/","og_locale":"ru_RU","og_type":"article","og_title":"\u041f\u0440\u0438\u0446\u0435\u043f \u0434\u043b\u044f \u0435\u0434\u044b Niewiadow H20522HT - Caravan4u.ee","og_description":"Caravan4U on Niewiadow haagissuvilate ja lisavarustuse ametlik m\u00fc\u00fcja eestis. Pakume m\u00fc\u00fcgiks 2-4 kohalisi rikkaliku varustusega ja hea hinnaga haagissuvilaid.","og_url":"https:\/\/caravan4u.ee\/ru\/%d0%bf%d1%80%d0%b8%d1%86%d0%b5%d0%bf-%d0%b4%d0%bb%d1%8f-%d0%b5%d0%b4%d1%8b-niewiadow-h20522ht\/","og_site_name":"Caravan4u.ee","article_publisher":"https:\/\/www.facebook.com\/Haagisuvilarent","article_modified_time":"2025-04-02T09:28:09+00:00","og_image":[{"url":"https:\/\/caravan4u.ee\/wp-content\/uploads\/2024\/10\/toidutreiler2-720x600.png","type":"","width":"","height":""}],"twitter_card":"summary_large_image","schema":{"@context":"https:\/\/schema.org","@graph":[{"@type":"WebPage","@id":"https:\/\/caravan4u.ee\/ru\/%d0%bf%d1%80%d0%b8%d1%86%d0%b5%d0%bf-%d0%b4%d0%bb%d1%8f-%d0%b5%d0%b4%d1%8b-niewiadow-h20522ht\/","url":"https:\/\/caravan4u.ee\/ru\/%d0%bf%d1%80%d0%b8%d1%86%d0%b5%d0%bf-%d0%b4%d0%bb%d1%8f-%d0%b5%d0%b4%d1%8b-niewiadow-h20522ht\/","name":"\u041f\u0440\u0438\u0446\u0435\u043f \u0434\u043b\u044f \u0435\u0434\u044b Niewiadow H20522HT - Caravan4u.ee","isPartOf":{"@id":"https:\/\/caravan4u.ee\/ru\/#website"},"primaryImageOfPage":{"@id":"https:\/\/caravan4u.ee\/ru\/%d0%bf%d1%80%d0%b8%d1%86%d0%b5%d0%bf-%d0%b4%d0%bb%d1%8f-%d0%b5%d0%b4%d1%8b-niewiadow-h20522ht\/#primaryimage"},"image":{"@id":"https:\/\/caravan4u.ee\/ru\/%d0%bf%d1%80%d0%b8%d1%86%d0%b5%d0%bf-%d0%b4%d0%bb%d1%8f-%d0%b5%d0%b4%d1%8b-niewiadow-h20522ht\/#primaryimage"},"thumbnailUrl":"https:\/\/caravan4u.ee\/wp-content\/uploads\/2024\/10\/toidutreiler2-720x600.png","datePublished":"2024-10-12T13:05:33+00:00","dateModified":"2025-04-02T09:28:09+00:00","description":"Caravan4U on Niewiadow haagissuvilate ja lisavarustuse ametlik m\u00fc\u00fcja eestis. Pakume m\u00fc\u00fcgiks 2-4 kohalisi rikkaliku varustusega ja hea hinnaga haagissuvilaid.","breadcrumb":{"@id":"https:\/\/caravan4u.ee\/ru\/%d0%bf%d1%80%d0%b8%d1%86%d0%b5%d0%bf-%d0%b4%d0%bb%d1%8f-%d0%b5%d0%b4%d1%8b-niewiadow-h20522ht\/#breadcrumb"},"inLanguage":"ru-RU","potentialAction":[{"@type":"ReadAction","target":["https:\/\/caravan4u.ee\/ru\/%d0%bf%d1%80%d0%b8%d1%86%d0%b5%d0%bf-%d0%b4%d0%bb%d1%8f-%d0%b5%d0%b4%d1%8b-niewiadow-h20522ht\/"]}]},{"@type":"ImageObject","inLanguage":"ru-RU","@id":"https:\/\/caravan4u.ee\/ru\/%d0%bf%d1%80%d0%b8%d1%86%d0%b5%d0%bf-%d0%b4%d0%bb%d1%8f-%d0%b5%d0%b4%d1%8b-niewiadow-h20522ht\/#primaryimage","url":"https:\/\/caravan4u.ee\/wp-content\/uploads\/2024\/10\/toidutreiler2-720x600.png","contentUrl":"https:\/\/caravan4u.ee\/wp-content\/uploads\/2024\/10\/toidutreiler2-720x600.png"},{"@type":"BreadcrumbList","@id":"https:\/\/caravan4u.ee\/ru\/%d0%bf%d1%80%d0%b8%d1%86%d0%b5%d0%bf-%d0%b4%d0%bb%d1%8f-%d0%b5%d0%b4%d1%8b-niewiadow-h20522ht\/#breadcrumb","itemListElement":[{"@type":"ListItem","position":1,"name":"Home","item":"https:\/\/caravan4u.ee\/ru\/"},{"@type":"ListItem","position":2,"name":"\u041f\u0440\u0438\u0446\u0435\u043f \u0434\u043b\u044f \u0435\u0434\u044b Niewiadow H20522HT"}]},{"@type":"WebSite","@id":"https:\/\/caravan4u.ee\/ru\/#website","url":"https:\/\/caravan4u.ee\/ru\/","name":"Caravan4u.ee","description":"haagissuvilate m\u00fc\u00fck ja hooldus","publisher":{"@id":"https:\/\/caravan4u.ee\/ru\/#organization"},"potentialAction":[{"@type":"SearchAction","target":{"@type":"EntryPoint","urlTemplate":"https:\/\/caravan4u.ee\/ru\/?s={search_term_string}"},"query-input":{"@type":"PropertyValueSpecification","valueRequired":true,"valueName":"search_term_string"}}],"inLanguage":"ru-RU"},{"@type":"Organization","@id":"https:\/\/caravan4u.ee\/ru\/#organization","name":"Caravan4u.ee","url":"https:\/\/caravan4u.ee\/ru\/","logo":{"@type":"ImageObject","inLanguage":"ru-RU","@id":"https:\/\/caravan4u.ee\/ru\/#\/schema\/logo\/image\/","url":"https:\/\/caravan4u.ee\/wp-content\/uploads\/2020\/04\/aucapina-0903591607-svg-5.png","contentUrl":"https:\/\/caravan4u.ee\/wp-content\/uploads\/2020\/04\/aucapina-0903591607-svg-5.png","width":236,"height":51,"caption":"Caravan4u.ee"},"image":{"@id":"https:\/\/caravan4u.ee\/ru\/#\/schema\/logo\/image\/"},"sameAs":["https:\/\/www.facebook.com\/Haagisuvilarent"]}]}},"_links":{"self":[{"href":"https:\/\/caravan4u.ee\/ru\/wp-json\/wp\/v2\/pages\/4127","targetHints":{"allow":["GET"]}}],"collection":[{"href":"https:\/\/caravan4u.ee\/ru\/wp-json\/wp\/v2\/pages"}],"about":[{"href":"https:\/\/caravan4u.ee\/ru\/wp-json\/wp\/v2\/types\/page"}],"author":[{"embeddable":true,"href":"https:\/\/caravan4u.ee\/ru\/wp-json\/wp\/v2\/users\/3"}],"replies":[{"embeddable":true,"href":"https:\/\/caravan4u.ee\/ru\/wp-json\/wp\/v2\/comments?post=4127"}],"version-history":[{"count":1,"href":"https:\/\/caravan4u.ee\/ru\/wp-json\/wp\/v2\/pages\/4127\/revisions"}],"predecessor-version":[{"id":4128,"href":"https:\/\/caravan4u.ee\/ru\/wp-json\/wp\/v2\/pages\/4127\/revisions\/4128"}],"wp:attachment":[{"href":"https:\/\/caravan4u.ee\/ru\/wp-json\/wp\/v2\/media?parent=4127"}],"curies":[{"name":"wp","href":"https:\/\/api.w.org\/{rel}","templated":true}]}}